{"id":39428,"date":"2023-08-09T11:15:43","date_gmt":"2023-08-09T15:15:43","guid":{"rendered":"https:\/\/connectedclass.com\/enlace-de-aprendizaje\/"},"modified":"2023-08-09T11:29:43","modified_gmt":"2023-08-09T15:29:43","slug":"enlace-de-aprendizaje","status":"publish","type":"page","link":"https:\/\/connectedclass.com\/es\/enlace-de-aprendizaje\/","title":{"rendered":"Enlace de aprendizaje"},"content":{"rendered":"<div class=\"fusion-fullwidth fullwidth-box fusion-builder-row-1 nonhundred-percent-fullwidth non-hundred-percent-height-scrolling\" style=\"--awb-border-radius-top-left:0px;--awb-border-radius-top-right:0px;--awb-border-radius-bottom-right:0px;--awb-border-radius-bottom-left:0px;--awb-flex-wrap:wrap;\" ><div class=\"fusion-builder-row fusion-row\"><div class=\"fusion-layout-column fusion_builder_column fusion-builder-column-0 fusion_builder_column_2_3 2_3 fusion-two-third fusion-column-first\" style=\"--awb-bg-size:cover;--awb-margin-bottom:0px;width:66.666666666667%;width:calc(66.666666666667% - ( ( 4% ) * 0.66666666666667 ) );margin-right: 4%;\"><div class=\"fusion-column-wrapper fusion-flex-column-wrapper-legacy\"><div class=\"fusion-title title fusion-title-1 fusion-sep-none fusion-title-text fusion-title-size-one\" style=\"--awb-margin-bottom:0px;--awb-margin-top-small:0px;--awb-margin-right-small:0px;--awb-margin-bottom-small:20px;--awb-margin-left-small:0px;\"><h1 class=\"fusion-title-heading title-heading-left\" style=\"margin:0;\"><p style=\"text-align: center;\">Supporting learning through support and connection<\/p>\n<p><img decoding=\"async\" class=\"alignnone size-full wp-image-194\" src=\"https:\/\/connectedclass.com\/wp-content\/uploads\/2019\/03\/title-underline.jpg\" alt=\"\" width=\"102\" height=\"4\" srcset=\"https:\/\/connectedclass.com\/wp-content\/uploads\/2019\/03\/title-underline-66x4.jpg 66w, https:\/\/connectedclass.com\/wp-content\/uploads\/2019\/03\/title-underline-100x4.jpg 100w, https:\/\/connectedclass.com\/wp-content\/uploads\/2019\/03\/title-underline.jpg 102w\" sizes=\"(max-width: 102px) 100vw, 102px\" \/><\/p><\/h1><\/div><div style=\"padding: 56.25% 0 0 0; position: relative;\">\n\t<iframe style=\"position: absolute; top: 0; left: 0; width: 100%; height: 100%;\" title=\"Clase conectada_Acerca del enlace de aprendizaje\" src=\"https:\/\/player.vimeo.com\/video\/349676543?h=c39ea13812&badge=0&badge=0&amp?texttrack=es;badge=0&autopause=0&player_id=0&app_id=58479\" frameborder=\"0\" allowfullscreen=\"allowfullscreen\"><\/iframe>\n<\/div>\n<script src=\"https:\/\/player.vimeo.com\/api\/player.js\"><\/script>\n\n\n\n\n<div class=\"fusion-text fusion-text-1\"><p>El objetivo de Connected Class Learning Link es apoyar el aprendizaje mejorando la comunicaci\u00f3n entre el aula y el entorno familiar mediante juegos, estrategias y actividades emocionantes.<\/p>\n<p>Los v\u00eddeos de Learning Link son \u00fanicos porque se dirigen tanto al profesor como a los padres. Cada v\u00eddeo se centra en un concepto. Ese concepto se modela como un juego, una estrategia o una actividad. Cada v\u00eddeo incluye formas de modificar la experiencia de aprendizaje tanto para los alumnos con dificultades como para los que necesitan un reto.<\/p>\n<p>Se anima al educador a poner en pr\u00e1ctica las atractivas experiencias en el aula y, a continuaci\u00f3n, reenviar el v\u00eddeo por correo electr\u00f3nico a los padres. Las familias pueden ver lo que ocurre en el aula y tienen una forma divertida de practicar en casa el material reci\u00e9n aprendido. Los v\u00eddeos facilitan su aplicaci\u00f3n. Los correos electr\u00f3nicos est\u00e1n listos con una tarjeta de actividad escrita adicional para repasar. El sistema de correo electr\u00f3nico tambi\u00e9n rastrea qui\u00e9n est\u00e1 viendo y abriendo los recursos. Es tan sencillo como mirar, jugar y \u00a1adelante!<\/p>\n<\/div><div class=\"fusion-sep-clear\"><\/div><div class=\"fusion-separator fusion-full-width-sep\" style=\"margin-left: auto;margin-right: auto;margin-top:10px;margin-bottom:10px;width:100%;\"><\/div><div class=\"fusion-sep-clear\"><\/div><div class=\"fusion-title title fusion-title-2 fusion-title-text fusion-title-size-one\" style=\"--awb-margin-top-small:0px;--awb-margin-right-small:0px;--awb-margin-bottom-small:20px;--awb-margin-left-small:0px;\"><h1 class=\"fusion-title-heading title-heading-left\" style=\"margin:0;\"><h3 style=\"text-align: center;\">Piedra, Papel, Tijera, Multiplicar<\/h3><\/h1><span class=\"awb-title-spacer\"><\/span><div class=\"title-sep-container\"><div class=\"title-sep sep-single sep-solid\" style=\"border-color:#e0dede;\"><\/div><\/div><\/div><div style=\"padding: 56.25% 0 0 0; position: relative;\">\n\t<iframe style=\"position: absolute; top: 0; left: 0; width: 100%; height: 100%;\" title=\"Clase Conectada_Rock, Paper, Scissors, Multiply_Version 1\" src=\"https:\/\/player.vimeo.com\/video\/718822526?h=93f2426ece&badge=0&badge=0&amp?texttrack=es;badge=0&autopause=0&player_id=0&app_id=58479&texttrack=en\" frameborder=\"0\" allowfullscreen=\"allowfullscreen\"><\/iframe>\n<\/div>\n<script src=\"https:\/\/player.vimeo.com\/api\/player.js\"><\/script><div class=\"fusion-sep-clear\"><\/div><div class=\"fusion-separator fusion-full-width-sep\" style=\"margin-left: auto;margin-right: auto;margin-top:10px;margin-bottom:10px;width:100%;\"><\/div><div class=\"fusion-sep-clear\"><\/div><div class=\"fusion-title title fusion-title-3 fusion-title-text fusion-title-size-one\" style=\"--awb-margin-top-small:0px;--awb-margin-right-small:0px;--awb-margin-bottom-small:20px;--awb-margin-left-small:0px;\"><h1 class=\"fusion-title-heading title-heading-left\" style=\"margin:0;\"><h3 style=\"text-align: center;\">Mono en el medio<\/h3><\/h1><span class=\"awb-title-spacer\"><\/span><div class=\"title-sep-container\"><div class=\"title-sep sep-single sep-solid\" style=\"border-color:#e0dede;\"><\/div><\/div><\/div><div style=\"padding: 56.25% 0 0 0; position: relative;\">\n          \t<iframe style=\"position: absolute; top: 0; left: 0; width: 100%; height: 100%;\" title=\"Mono en el medio\" src=\"https:\/\/player.vimeo.com\/video\/386677508?h=a04e8d8804&badge=0&autopause=0&player_id=0&app_id=58479&texttrack=en\" frameborder=\"0\" allowfullscreen=\"allowfullscreen\"><\/iframe>\n<\/div>\n<script src=\"https:\/\/player.vimeo.com\/api\/player.js\"><\/script>\n<div class=\"fusion-sep-clear\"><\/div><div class=\"fusion-separator fusion-full-width-sep\" style=\"margin-left: auto;margin-right: auto;margin-top:10px;margin-bottom:10px;width:100%;\"><\/div><div class=\"fusion-sep-clear\"><\/div><div class=\"fusion-title title fusion-title-4 fusion-title-text fusion-title-size-one\" style=\"--awb-margin-top-small:0px;--awb-margin-right-small:0px;--awb-margin-bottom-small:20px;--awb-margin-left-small:0px;\"><h1 class=\"fusion-title-heading title-heading-left\" style=\"margin:0;\"><h3 style=\"text-align: center;\">Doodle Piensa<\/h3><\/h1><span class=\"awb-title-spacer\"><\/span><div class=\"title-sep-container\"><div class=\"title-sep sep-single sep-solid\" style=\"border-color:#e0dede;\"><\/div><\/div><\/div><div style=\"padding: 56.25% 0 0 0; position: relative;\">\n          \t<iframe style=\"position: absolute; top: 0; left: 0; width: 100%; height: 100%;\" title=\"Doodle Piensa\" src=\"https:\/\/player.vimeo.com\/video\/386677448?h=ef61836d0e&badge=0&autopause=0&player_id=0&app_id=58479&texttrack=en\" frameborder=\"0\" allowfullscreen=\"allowfullscreen\"><\/iframe>\n<\/div>\n<script src=\"https:\/\/player.vimeo.com\/api\/player.js\"><\/script>\n<div class=\"fusion-sep-clear\"><\/div><div class=\"fusion-separator fusion-full-width-sep\" style=\"margin-left: auto;margin-right: auto;margin-top:10px;margin-bottom:10px;width:100%;\"><\/div><div class=\"fusion-sep-clear\"><\/div><div class=\"fusion-title title fusion-title-5 fusion-title-text fusion-title-size-one\" style=\"--awb-margin-top-small:0px;--awb-margin-right-small:0px;--awb-margin-bottom-small:20px;--awb-margin-left-small:0px;\"><h1 class=\"fusion-title-heading title-heading-left\" style=\"margin:0;\"><h3 style=\"text-align: center;\">Snapchat tonto<\/h3><\/h1><span class=\"awb-title-spacer\"><\/span><div class=\"title-sep-container\"><div class=\"title-sep sep-single sep-solid\" style=\"border-color:#e0dede;\"><\/div><\/div><\/div><div style=\"padding: 56.25% 0 0 0; position: relative;\">\n          \t<iframe style=\"position: absolute; top: 0; left: 0; width: 100%; height: 100%;\" title=\"Snapchat tonto\" src=\"https:\/\/player.vimeo.com\/video\/395084656?h=73117bc26b&badge=0&autopause=0&player_id=0&app_id=58479&texttrack=en\" frameborder=\"0\" allowfullscreen=\"allowfullscreen\"><\/iframe>\n<\/div>\n<script src=\"https:\/\/player.vimeo.com\/api\/player.js\"><\/script>\n<div class=\"fusion-sep-clear\"><\/div><div class=\"fusion-separator fusion-full-width-sep\" style=\"margin-left: auto;margin-right: auto;margin-top:10px;margin-bottom:10px;width:100%;\"><\/div><div class=\"fusion-sep-clear\"><\/div><div class=\"fusion-testimonials classic awb-speech-bubble-show fusion-testimonials-1\" style=\"--awb-textcolor:#747474;--awb-backgroundcolor:#e8e8e8;--awb-testimonial-border-style:solid;--awb-testimonial-border-color:var(--awb-color3);--awb-border-top-left-radius:0px;--awb-border-top-right-radius:0px;--awb-border-bottom-left-radius:0px;--awb-border-bottom-right-radius:0px;--testimonial-border-width-top:0px;--testimonial-border-width-right:0px;--testimonial-border-width-bottom:0px;--testimonial-border-width-left:0px;\" data-random=\"0\" data-speed=\"4000\"><div class=\"reviews\"><div class=\"review active-testimonial no-avatar\"><blockquote><div class=\"awb-quote\"><div class=\"awb-quote-content\">\n<p><span style=\"font-weight: 400;\">&#8220;Learning Link es una herramienta fant\u00e1stica y una forma maravillosa de colaborar con los padres para reforzar lo que se ense\u00f1a en clase. Personalmente, la he utilizado mucho en matem\u00e1ticas para ayudar a los alumnos a utilizar con m\u00e1s fluidez las operaciones de multiplicaci\u00f3n. El sitio web es f\u00e1cil de usar y facilita el env\u00edo de v\u00eddeos explicativos a los padres. Estos v\u00eddeos incluyen formas divertidas de practicar las habilidades aprendidas en el aula con los miembros de la familia en casa.&#8221;<\/span><\/p>\n<\/div><\/div><span class=\"awb-triangle\"><\/span><\/blockquote><div class=\"author\"><span class=\"company-name\"><strong>Brittany Milito<\/strong><span>, <\/span><span>Atlantic Christian School, West Palm Beach, FL<\/span><\/span><\/div><\/div><\/div><\/div><div class=\"fusion-clearfix\"><\/div><\/div><\/div><div class=\"fusion-layout-column fusion_builder_column fusion-builder-column-1 fusion_builder_column_1_3 1_3 fusion-one-third fusion-column-last\" style=\"--awb-bg-size:cover;width:33.333333333333%;width:calc(33.333333333333% - ( ( 4% ) * 0.33333333333333 ) );\"><div class=\"fusion-column-wrapper fusion-flex-column-wrapper-legacy\"><div class=\"fusion-sep-clear\"><\/div><div class=\"fusion-separator fusion-full-width-sep\" style=\"margin-left: auto;margin-right: auto;margin-top:10px;margin-bottom:10px;width:100%;\"><div class=\"fusion-separator-border sep-single\" style=\"--awb-height:20px;--awb-amount:20px;border-color:#e0dede;border-top-width:0px;\"><\/div><\/div><div class=\"fusion-sep-clear\"><\/div><div class=\"fusion-image-element fusion-image-align-center in-legacy-container\" style=\"text-align:center;--awb-caption-title-font-family:var(--h2_typography-font-family);--awb-caption-title-font-weight:var(--h2_typography-font-weight);--awb-caption-title-font-style:var(--h2_typography-font-style);--awb-caption-title-size:var(--h2_typography-font-size);--awb-caption-title-transform:var(--h2_typography-text-transform);--awb-caption-title-line-height:var(--h2_typography-line-height);--awb-caption-title-letter-spacing:var(--h2_typography-letter-spacing);\"><div class=\"imageframe-align-center\"><span class=\" fusion-imageframe imageframe-none imageframe-1 hover-type-zoomin\"><a class=\"fusion-no-lightbox\" href=\"\/on-site-professional-development-services\/\" target=\"_self\" aria-label=\"sidebar-Professional-Learning\"><img decoding=\"async\" width=\"301\" height=\"151\" alt=\"Professional Learning Button\" src=\"https:\/\/connectedclass.com\/wp-content\/uploads\/sidebar-Professional-Learning.jpg\" class=\"img-responsive wp-image-87649\" srcset=\"https:\/\/connectedclass.com\/wp-content\/uploads\/sidebar-Professional-Learning-200x100.jpg 200w, https:\/\/connectedclass.com\/wp-content\/uploads\/sidebar-Professional-Learning.jpg 301w\" sizes=\"(max-width: 800px) 100vw, 301px\" \/><\/a><\/span><\/div><\/div><div class=\"fusion-sep-clear\"><\/div><div class=\"fusion-separator fusion-full-width-sep\" style=\"margin-left: auto;margin-right: auto;margin-top:10px;margin-bottom:10px;width:100%;\"><div class=\"fusion-separator-border sep-single\" style=\"--awb-height:20px;--awb-amount:20px;border-color:#e0dede;border-top-width:0px;\"><\/div><\/div><div class=\"fusion-sep-clear\"><\/div><div class=\"fusion-image-element fusion-image-align-center in-legacy-container\" style=\"text-align:center;--awb-caption-title-font-family:var(--h2_typography-font-family);--awb-caption-title-font-weight:var(--h2_typography-font-weight);--awb-caption-title-font-style:var(--h2_typography-font-style);--awb-caption-title-size:var(--h2_typography-font-size);--awb-caption-title-transform:var(--h2_typography-text-transform);--awb-caption-title-line-height:var(--h2_typography-line-height);--awb-caption-title-letter-spacing:var(--h2_typography-letter-spacing);\"><div class=\"imageframe-align-center\"><span class=\" fusion-imageframe imageframe-none imageframe-2 hover-type-zoomin\"><a class=\"fusion-no-lightbox\" href=\"\/direct-connect-services\/\" target=\"_self\" aria-label=\"ourservices-sidebar-DirectConnect\"><img decoding=\"async\" width=\"301\" height=\"150\" alt=\"Direct Connect Button\" src=\"https:\/\/connectedclass.com\/wp-content\/uploads\/2019\/03\/ourservices-sidebar-DirectConnect-1.jpg\" class=\"img-responsive wp-image-3167\" srcset=\"https:\/\/connectedclass.com\/wp-content\/uploads\/2019\/03\/ourservices-sidebar-DirectConnect-1-200x100.jpg 200w, https:\/\/connectedclass.com\/wp-content\/uploads\/2019\/03\/ourservices-sidebar-DirectConnect-1.jpg 301w\" sizes=\"(max-width: 800px) 100vw, 301px\" \/><\/a><\/span><\/div><\/div><div class=\"fusion-sep-clear\"><\/div><div class=\"fusion-separator fusion-full-width-sep\" style=\"margin-left: auto;margin-right: auto;margin-top:10px;margin-bottom:10px;width:100%;\"><div class=\"fusion-separator-border sep-single\" style=\"--awb-height:20px;--awb-amount:20px;border-color:#e0dede;border-top-width:0px;\"><\/div><\/div><div class=\"fusion-sep-clear\"><\/div><div class=\"fusion-image-element fusion-image-align-center in-legacy-container\" style=\"text-align:center;--awb-caption-title-font-family:var(--h2_typography-font-family);--awb-caption-title-font-weight:var(--h2_typography-font-weight);--awb-caption-title-font-style:var(--h2_typography-font-style);--awb-caption-title-size:var(--h2_typography-font-size);--awb-caption-title-transform:var(--h2_typography-text-transform);--awb-caption-title-line-height:var(--h2_typography-line-height);--awb-caption-title-letter-spacing:var(--h2_typography-letter-spacing);\"><div class=\"imageframe-align-center\"><span class=\" fusion-imageframe imageframe-none imageframe-3 hover-type-zoomin\"><a class=\"fusion-no-lightbox\" href=\"\/resource-room-services\/\" target=\"_self\" aria-label=\"ourservices-sidebar-resourceroom\"><img decoding=\"async\" width=\"301\" height=\"151\" alt=\"Learning Link Button\" src=\"https:\/\/connectedclass.com\/wp-content\/uploads\/2019\/03\/ourservices-sidebar-resourceroom.jpg\" class=\"img-responsive wp-image-3170\" srcset=\"https:\/\/connectedclass.com\/wp-content\/uploads\/2019\/03\/ourservices-sidebar-resourceroom-200x100.jpg 200w, https:\/\/connectedclass.com\/wp-content\/uploads\/2019\/03\/ourservices-sidebar-resourceroom.jpg 301w\" sizes=\"(max-width: 800px) 100vw, 301px\" \/><\/a><\/span><\/div><\/div><div class=\"fusion-sep-clear\"><\/div><div class=\"fusion-separator fusion-full-width-sep\" style=\"margin-left: auto;margin-right: auto;margin-top:10px;margin-bottom:10px;width:100%;\"><div class=\"fusion-separator-border sep-single\" style=\"--awb-height:20px;--awb-amount:20px;border-color:#e0dede;border-top-width:0px;\"><\/div><\/div><div class=\"fusion-sep-clear\"><\/div><div class=\"fusion-image-element fusion-image-align-center in-legacy-container\" style=\"text-align:center;--awb-caption-title-font-family:var(--h2_typography-font-family);--awb-caption-title-font-weight:var(--h2_typography-font-weight);--awb-caption-title-font-style:var(--h2_typography-font-style);--awb-caption-title-size:var(--h2_typography-font-size);--awb-caption-title-transform:var(--h2_typography-text-transform);--awb-caption-title-line-height:var(--h2_typography-line-height);--awb-caption-title-letter-spacing:var(--h2_typography-letter-spacing);\"><div class=\"imageframe-align-center\"><span class=\" fusion-imageframe imageframe-none imageframe-4 hover-type-zoomin\"><a class=\"fusion-no-lightbox\" href=\"\/learning-link-services\/\" target=\"_self\" aria-label=\"ourservices-sidebar-LearningLink\"><img decoding=\"async\" width=\"301\" height=\"150\" alt=\"Learning Link Button\" src=\"https:\/\/connectedclass.com\/wp-content\/uploads\/2019\/03\/ourservices-sidebar-LearningLink.jpg\" class=\"img-responsive wp-image-3168\" srcset=\"https:\/\/connectedclass.com\/wp-content\/uploads\/2019\/03\/ourservices-sidebar-LearningLink-200x100.jpg 200w, https:\/\/connectedclass.com\/wp-content\/uploads\/2019\/03\/ourservices-sidebar-LearningLink.jpg 301w\" sizes=\"(max-width: 800px) 100vw, 301px\" \/><\/a><\/span><\/div><\/div><div class=\"fusion-sep-clear\"><\/div><div class=\"fusion-separator fusion-full-width-sep\" style=\"margin-left: auto;margin-right: auto;margin-top:10px;margin-bottom:10px;width:100%;\"><div class=\"fusion-separator-border sep-single\" style=\"--awb-height:20px;--awb-amount:20px;border-color:#e0dede;border-top-width:0px;\"><\/div><\/div><div class=\"fusion-sep-clear\"><\/div><div class=\"fusion-image-element fusion-image-align-center in-legacy-container\" style=\"text-align:center;--awb-caption-title-font-family:var(--h2_typography-font-family);--awb-caption-title-font-weight:var(--h2_typography-font-weight);--awb-caption-title-font-style:var(--h2_typography-font-style);--awb-caption-title-size:var(--h2_typography-font-size);--awb-caption-title-transform:var(--h2_typography-text-transform);--awb-caption-title-line-height:var(--h2_typography-line-height);--awb-caption-title-letter-spacing:var(--h2_typography-letter-spacing);\"><div class=\"imageframe-align-center\"><span class=\" fusion-imageframe imageframe-none imageframe-5 hover-type-zoomin\"><a class=\"fusion-no-lightbox\" href=\"\/digital-safety-services\/\" target=\"_self\" aria-label=\"sidebar-digital-safety\"><img decoding=\"async\" width=\"301\" height=\"151\" alt=\"Digital Safety Button\" src=\"https:\/\/connectedclass.com\/wp-content\/uploads\/sidebar-digital-safety.jpg\" class=\"img-responsive wp-image-87651\" srcset=\"https:\/\/connectedclass.com\/wp-content\/uploads\/sidebar-digital-safety-200x100.jpg 200w, https:\/\/connectedclass.com\/wp-content\/uploads\/sidebar-digital-safety.jpg 301w\" sizes=\"(max-width: 800px) 100vw, 301px\" \/><\/a><\/span><\/div><\/div><div class=\"fusion-sep-clear\"><\/div><div class=\"fusion-separator fusion-full-width-sep\" style=\"margin-left: auto;margin-right: auto;margin-top:10px;margin-bottom:10px;width:100%;\"><div class=\"fusion-separator-border sep-single\" style=\"--awb-height:20px;--awb-amount:20px;border-color:#e0dede;border-top-width:0px;\"><\/div><\/div><div class=\"fusion-sep-clear\"><\/div><div class=\"fusion-image-element fusion-image-align-center in-legacy-container\" style=\"text-align:center;--awb-caption-title-font-family:var(--h2_typography-font-family);--awb-caption-title-font-weight:var(--h2_typography-font-weight);--awb-caption-title-font-style:var(--h2_typography-font-style);--awb-caption-title-size:var(--h2_typography-font-size);--awb-caption-title-transform:var(--h2_typography-text-transform);--awb-caption-title-line-height:var(--h2_typography-line-height);--awb-caption-title-letter-spacing:var(--h2_typography-letter-spacing);\"><div class=\"imageframe-align-center\"><span class=\" fusion-imageframe imageframe-none imageframe-6 hover-type-zoomin\"><a class=\"fusion-no-lightbox\" href=\" https:\/\/connectedclass.com\/summer-success-services\/\" target=\"_self\" aria-label=\"summer success services- update (1)\"><img decoding=\"async\" width=\"301\" height=\"150\" alt=\"Learning Link Button\" src=\"https:\/\/connectedclass.com\/wp-content\/uploads\/summer-success-services-update-1.png\" class=\"img-responsive wp-image-36101\" srcset=\"https:\/\/connectedclass.com\/wp-content\/uploads\/summer-success-services-update-1-200x100.png 200w, https:\/\/connectedclass.com\/wp-content\/uploads\/summer-success-services-update-1.png 301w\" sizes=\"(max-width: 800px) 100vw, 301px\" \/><\/a><\/span><\/div><\/div><div class=\"fusion-sep-clear\"><\/div><div class=\"fusion-separator fusion-full-width-sep\" style=\"margin-left: auto;margin-right: auto;margin-top:10px;margin-bottom:10px;width:100%;\"><div class=\"fusion-separator-border sep-single\" style=\"--awb-height:20px;--awb-amount:20px;border-color:#e0dede;border-top-width:0px;\"><\/div><\/div><div class=\"fusion-sep-clear\"><\/div><div class=\"fusion-image-element fusion-image-align-center in-legacy-container\" style=\"text-align:center;--awb-caption-title-font-family:var(--h2_typography-font-family);--awb-caption-title-font-weight:var(--h2_typography-font-weight);--awb-caption-title-font-style:var(--h2_typography-font-style);--awb-caption-title-size:var(--h2_typography-font-size);--awb-caption-title-transform:var(--h2_typography-text-transform);--awb-caption-title-line-height:var(--h2_typography-line-height);--awb-caption-title-letter-spacing:var(--h2_typography-letter-spacing);\"><div class=\"imageframe-align-center\"><span class=\" fusion-imageframe imageframe-none imageframe-7 hover-type-zoomin\"><a class=\"fusion-no-lightbox\" href=\"https:\/\/connectedclass.com\/live-demo\/\" target=\"_self\" aria-label=\"SCHEDULE DEMO button\"><img decoding=\"async\" width=\"300\" height=\"100\" alt=\"Schedule A Demo Button\" src=\"https:\/\/connectedclass.com\/wp-content\/uploads\/SCHEDULE-DEMO-button.jpg\" class=\"img-responsive wp-image-97543\" srcset=\"https:\/\/connectedclass.com\/wp-content\/uploads\/SCHEDULE-DEMO-button-200x67.jpg 200w, https:\/\/connectedclass.com\/wp-content\/uploads\/SCHEDULE-DEMO-button.jpg 300w\" sizes=\"(max-width: 800px) 100vw, 300px\" \/><\/a><\/span><\/div><\/div><div class=\"fusion-clearfix\"><\/div><\/div><\/div>\n<\/div><\/div>\n","protected":false},"excerpt":{"rendered":"","protected":false},"author":2,"featured_media":0,"parent":0,"menu_order":0,"comment_status":"closed","ping_status":"closed","template":"","meta":{"_seopress_robots_primary_cat":"","_seopress_titles_title":"Recursos de Learning Link l Clase conectada","_seopress_titles_desc":"Recursos para que padres, profesores y administradores aumenten el rendimiento de los alumnos.","_seopress_robots_index":"","_price":"","_stock":"","_tribe_ticket_header":"","_tribe_default_ticket_provider":"","_tribe_ticket_capacity":"0","_ticket_start_date":"","_ticket_end_date":"","_tribe_ticket_show_description":"","_tribe_ticket_show_not_going":false,"_tribe_ticket_use_global_stock":"","_tribe_ticket_global_stock_level":"","_global_stock_mode":"","_global_stock_cap":"","_tribe_rsvp_for_event":"","_tribe_ticket_going_count":"","_tribe_ticket_not_going_count":"","_tribe_tickets_list":"[]","_tribe_ticket_has_attendee_info_fields":false,"_themeisle_gutenberg_block_has_review":false,"footnotes":"","_tec_slr_enabled":"","_tec_slr_layout":""},"class_list":["post-39428","page","type-page","status-publish","hentry"],"jetpack_sharing_enabled":true,"ticketed":false,"_links":{"self":[{"href":"https:\/\/connectedclass.com\/es\/wp-json\/wp\/v2\/pages\/39428","targetHints":{"allow":["GET"]}}],"collection":[{"href":"https:\/\/connectedclass.com\/es\/wp-json\/wp\/v2\/pages"}],"about":[{"href":"https:\/\/connectedclass.com\/es\/wp-json\/wp\/v2\/types\/page"}],"author":[{"embeddable":true,"href":"https:\/\/connectedclass.com\/es\/wp-json\/wp\/v2\/users\/2"}],"replies":[{"embeddable":true,"href":"https:\/\/connectedclass.com\/es\/wp-json\/wp\/v2\/comments?post=39428"}],"version-history":[{"count":0,"href":"https:\/\/connectedclass.com\/es\/wp-json\/wp\/v2\/pages\/39428\/revisions"}],"wp:attachment":[{"href":"https:\/\/connectedclass.com\/es\/wp-json\/wp\/v2\/media?parent=39428"}],"curies":[{"name":"wp","href":"https:\/\/api.w.org\/{rel}","templated":true}]}}