{"id":39912,"date":"2023-08-23T14:35:35","date_gmt":"2023-08-23T18:35:35","guid":{"rendered":"https:\/\/connectedclass.com\/recursos-del-programa-de-exito-de-verano\/"},"modified":"2023-08-23T14:35:44","modified_gmt":"2023-08-23T18:35:44","slug":"recursos-del-programa-de-exito-de-verano","status":"publish","type":"page","link":"https:\/\/connectedclass.com\/es\/recursos-del-programa-de-exito-de-verano\/","title":{"rendered":"Recursos del Programa de \u00c9xito de Verano"},"content":{"rendered":"<div class=\"fusion-fullwidth fullwidth-box fusion-builder-row-1 fusion-flex-container has-pattern-background has-mask-background nonhundred-percent-fullwidth non-hundred-percent-height-scrolling\" style=\"--awb-border-radius-top-left:0px;--awb-border-radius-top-right:0px;--awb-border-radius-bottom-right:0px;--awb-border-radius-bottom-left:0px;--awb-flex-wrap:wrap;\" ><div class=\"fusion-builder-row fusion-row fusion-flex-align-items-flex-start fusion-flex-content-wrap\" style=\"max-width:1144px;margin-left: calc(-4% \/ 2 );margin-right: calc(-4% \/ 2 );\"><div class=\"fusion-layout-column fusion_builder_column fusion-builder-column-0 fusion_builder_column_1_1 1_1 fusion-flex-column\" style=\"--awb-bg-size:cover;--awb-width-large:100%;--awb-margin-top-large:0px;--awb-spacing-right-large:1.92%;--awb-margin-bottom-large:20px;--awb-spacing-left-large:1.92%;--awb-width-medium:100%;--awb-order-medium:0;--awb-spacing-right-medium:1.92%;--awb-spacing-left-medium:1.92%;--awb-width-small:100%;--awb-order-small:0;--awb-spacing-right-small:1.92%;--awb-spacing-left-small:1.92%;\"><div class=\"fusion-column-wrapper fusion-column-has-shadow fusion-flex-justify-content-flex-start fusion-content-layout-column\"><div class=\"fusion-text fusion-text-1\"><p><strong>Bienvenido al Programa de \u00c9xito de Verano<\/strong><\/p>\n<p>En Connected Class estamos encantados de colaborar contigo y con tus alumnos durante el verano para asegurarnos de que eviten el resbal\u00f3n estival y empiecen bien el curso escolar en oto\u00f1o. Como parte del Programa de \u00c9xito de Verano, deber\u00eda haber recibido un Kit de Learning Link con todos los art\u00edculos necesarios para jugar a cada juego y actividad de Learning Link.  <strong>A continuaci\u00f3n  <\/strong><strong><img decoding=\"async\" class=\"wp-image-22744 alignright\" src=\"https:\/\/connectedclass.com\/wp-content\/uploads\/2022-04-22_20-26-55-1024x845.jpg\" alt=\"\" width=\"425\" height=\"351\" srcset=\"https:\/\/connectedclass.com\/wp-content\/uploads\/2022-04-22_20-26-55-200x165.jpg 200w, https:\/\/connectedclass.com\/wp-content\/uploads\/2022-04-22_20-26-55-300x248.jpg 300w, https:\/\/connectedclass.com\/wp-content\/uploads\/2022-04-22_20-26-55-400x330.jpg 400w, https:\/\/connectedclass.com\/wp-content\/uploads\/2022-04-22_20-26-55-500x413.jpg 500w, https:\/\/connectedclass.com\/wp-content\/uploads\/2022-04-22_20-26-55-600x495.jpg 600w, https:\/\/connectedclass.com\/wp-content\/uploads\/2022-04-22_20-26-55-700x578.jpg 700w, https:\/\/connectedclass.com\/wp-content\/uploads\/2022-04-22_20-26-55-768x634.jpg 768w, https:\/\/connectedclass.com\/wp-content\/uploads\/2022-04-22_20-26-55-800x660.jpg 800w, https:\/\/connectedclass.com\/wp-content\/uploads\/2022-04-22_20-26-55-1024x845.jpg 1024w, https:\/\/connectedclass.com\/wp-content\/uploads\/2022-04-22_20-26-55-1200x991.jpg 1200w, https:\/\/connectedclass.com\/wp-content\/uploads\/2022-04-22_20-26-55.jpg 1329w\" sizes=\"(max-width: 425px) 100vw, 425px\" \/><\/strong><strong>algunos recursos importantes que tal vez desee descargar e imprimir para poder consultarlos a lo largo del verano.<\/strong><\/p>\n<ul>\n<li><a href=\"https:\/\/connectedclass.com\/wp-content\/uploads\/SS-Take-Home-Kit-2023.pdf\" target=\"_blank\" rel=\"noopener\">Informaci\u00f3n sobre el kit para llevar a casa Summer Success<\/a><\/li>\n<li><a href=\"https:\/\/connectedclass.com\/wp-content\/uploads\/SS-Welcome-Letter-website-with-template.pdf\" target=\"_blank\" rel=\"noopener\">Carta de bienvenida<\/a><\/li>\n<li><strong>Informaci\u00f3n importante sobre el programa <\/strong><em>(se recomienda descargar e imprimir)<\/em><br \/>\n&#8211; <a href=\"https:\/\/connectedclass.com\/wp-content\/uploads\/Summer-Success-Curriculum-2023-GENERIC-Rising1st.pdf\" target=\"_blank\" rel=\"noopener\">Gu\u00eda curricular<\/a> <strong>para alumnos de primer grado <\/strong> | <a href=\"https:\/\/connectedclass.com\/wp-content\/uploads\/Rising-1st-Grader-Checklist.pdf\" target=\"_blank\" rel=\"noopener\">Lista de control del alumno<\/a><br \/>\n&#8211; <a href=\"https:\/\/connectedclass.com\/wp-content\/uploads\/Summer-Success-Curriculum-2023-GENERIC-Rising2nd.pdf\" target=\"_blank\" rel=\"noopener\">Gu\u00eda curricular<\/a> <strong>para alumnos de 2\u00ba<\/strong> curso | <a href=\"https:\/\/connectedclass.com\/wp-content\/uploads\/Rising-2nd-Grader-Checklist.pdf\" target=\"_blank\" rel=\"noopener\">Lista de control del alumno<\/a><br \/>\n&#8211; <a href=\"https:\/\/connectedclass.com\/wp-content\/uploads\/Summer-Success-Curriculum-2023-GENERIC-Rising3rd.pdf\" target=\"_blank\" rel=\"noopener\">Gu\u00eda curricular<\/a> <strong>para alumnos de 3\u00ba de Primaria<\/strong> | <a href=\"https:\/\/connectedclass.com\/wp-content\/uploads\/Rising-3rd-Grader-Checklist.pdf\" target=\"_blank\" rel=\"noopener\">Lista de control del alumno<\/a><br \/>\n&#8211; <a href=\"https:\/\/connectedclass.com\/wp-content\/uploads\/Summer-Success-Curriculum-2023-GENERIC-Rising4th.pdf\" target=\"_blank\" rel=\"noopener\">Gu\u00eda curricular<\/a> <strong>para alumnos de 4\u00ba curso<\/strong> | <a href=\"https:\/\/connectedclass.com\/wp-content\/uploads\/Rising-4th-Grader-Checklist.pdf\" target=\"_blank\" rel=\"noopener\">Lista de control del alumno<\/a><br \/>\n&#8211; <a href=\"https:\/\/connectedclass.com\/wp-content\/uploads\/Summer-Success-Curriculum-2023-GENERIC-Rising5th.pdf\" target=\"_blank\" rel=\"noopener\">Gu\u00eda curricular<\/a> <strong>para alumnos de 5\u00ba curso<\/strong> | <a href=\"https:\/\/connectedclass.com\/wp-content\/uploads\/Rising-5th-Grader-Checklist.pdf\" target=\"_blank\" rel=\"noopener\">Lista de control del alumno<\/a><br \/>\n&#8211; <a href=\"https:\/\/connectedclass.com\/wp-content\/uploads\/Summer-Success-Curriculum-2023-Generic-Rising6-1.pdf\" target=\"_blank\" rel=\"noopener\">Gu\u00eda curricular<\/a> <strong>para alumnos de 6\u00ba curso<\/strong> | <a href=\"https:\/\/connectedclass.com\/wp-content\/uploads\/Rising-6th-Grader-Checklist-revised.pdf\" target=\"_blank\" rel=\"noopener\">Lista de control del alumno<\/a><br \/>\n&#8211; <a href=\"https:\/\/connectedclass.com\/wp-content\/uploads\/Summer-Success-Curriculum-2023-GENERIC-Rising7th.pdf\" target=\"_blank\" rel=\"noopener\">Gu\u00eda curricular<\/a> <strong>para alumnos de 7\u00ba curso <\/strong> | <a href=\"https:\/\/connectedclass.com\/wp-content\/uploads\/Rising-7th-Grader-Checklist.pdf\" target=\"_blank\" rel=\"noopener\">Lista de control del alumno<\/a><br \/>\n&#8211; <a href=\"https:\/\/connectedclass.com\/wp-content\/uploads\/Summer-Success-Curriculum-2023-GENERIC-Rising8th.pdf\" target=\"_blank\" rel=\"noopener\">Gu\u00eda curricular<\/a> <strong>para alumnos de 8\u00ba curso <\/strong> | <a href=\"https:\/\/connectedclass.com\/wp-content\/uploads\/Rising-8th-Grader-Checklist.pdf\" target=\"_blank\" rel=\"noopener\">Lista de control del alumno<\/a><br \/>\n&#8211; <a href=\"https:\/\/connectedclass.com\/wp-content\/uploads\/Summer-Success-Curriculum-2023-GENERIC-Rising9th.pdf\" target=\"_blank\" rel=\"noopener\">Gu\u00eda curricular<\/a> para <strong>alumnos de 9\u00ba curso <\/strong> | <a href=\"https:\/\/connectedclass.com\/wp-content\/uploads\/Rising-9th-Grader-Checklist.pdf\" target=\"_blank\" rel=\"noopener\">Lista de control del alumno<\/a><br \/>\n&#8211;<a href=\"https:\/\/connectedclass.com\/wp-content\/uploads\/Summer-Success-Curriculum-2023-GENERIC-Rising10th.pdf\" target=\"_blank\" rel=\"noopener\">Gu\u00eda curricular<\/a> <strong>para alumnos de 10\u00ba curso <\/strong> | <a href=\"https:\/\/connectedclass.com\/wp-content\/uploads\/Rising-10th-Grader-Checklist.pdf\" target=\"_blank\" rel=\"noopener\">Lista de control del alumno<\/a><strong><br \/>\n<\/strong>&#8211;<a href=\"https:\/\/connectedclass.com\/wp-content\/uploads\/Summer-Success-Curriculum-2023-GENERIC-Rising11th.pdf\" target=\"_blank\" rel=\"noopener\">Gu\u00eda curricular<\/a> <strong>para alumnos de 11\u00ba <\/strong> curso | <a href=\"https:\/\/connectedclass.com\/wp-content\/uploads\/Rising-11th-Grader-Checklist.pdf\" target=\"_blank\" rel=\"noopener\">Lista de control del alumno<\/a><strong><br \/>\n<\/strong>&#8211;<a href=\"https:\/\/connectedclass.com\/wp-content\/uploads\/Summer-Success-Curriculum-2023-GENERIC-Rising12th.pdf\" target=\"_blank\" rel=\"noopener\">Gu\u00eda curricular<\/a> <strong>para alumnos de 12\u00ba <\/strong> curso | <a href=\"https:\/\/connectedclass.com\/wp-content\/uploads\/Rising-12th-Grader-Checklist.pdf\" target=\"_blank\" rel=\"noopener\">Lista de control del alumno<\/a><strong><br \/>\n<\/strong><\/li>\n<\/ul>\n<p><!--more--><\/p>\n<\/div><div class=\"fusion-text fusion-text-2\" style=\"--awb-margin-right:75px;\"><p><a href=\"https:\/\/connectedclass.com\/products\/\" target=\"_blank\" rel=\"noopener\"><img decoding=\"async\" class=\"alignright wp-image-35721 size-full\" src=\"https:\/\/connectedclass.com\/wp-content\/uploads\/buy-now.png\" alt=\"\" width=\"122\" height=\"51\"><\/a><\/p>\n<\/div><div class=\"fusion-separator fusion-full-width-sep\" style=\"align-self: center;margin-left: auto;margin-right: auto;margin-top:15px;margin-bottom:15px;width:100%;\"><div class=\"fusion-separator-border sep-single\" style=\"--awb-height:20px;--awb-amount:20px;border-color:#e0dede;border-top-width:0px;\"><\/div><\/div><div class=\"fusion-text fusion-text-3\" style=\"--awb-margin-right:75px;\"><p style=\"text-align: right;\"><strong>Los distritos y centros escolares deben ponerse en contacto con nosotros para consultar precios.<\/strong><\/p>\n<\/div><div class=\"fusion-text fusion-text-4\" style=\"--awb-margin-right:75px;\"><p><a href=\"mailto:support@connectedclass.com\" target=\"_blank\" rel=\"noopener\"><img decoding=\"async\" class=\"alignright size-full wp-image-35726\" src=\"https:\/\/connectedclass.com\/wp-content\/uploads\/call-for-pricing2.png\" alt=\"\" width=\"224\" height=\"51\" srcset=\"https:\/\/connectedclass.com\/wp-content\/uploads\/call-for-pricing2-200x46.png 200w, https:\/\/connectedclass.com\/wp-content\/uploads\/call-for-pricing2.png 224w\" sizes=\"(max-width: 224px) 100vw, 224px\" \/><\/a><\/p>\n<\/div><div class=\"fusion-separator fusion-full-width-sep\" style=\"align-self: center;margin-left: auto;margin-right: auto;margin-top:50px;margin-bottom:50px;width:100%;\"><div class=\"fusion-separator-border sep-single\" style=\"--awb-height:20px;--awb-amount:20px;border-color:#e0dede;border-top-width:1px;\"><\/div><\/div><div class=\"fusion-text fusion-text-5\"><p><img decoding=\"async\" class=\"alignleft wp-image-34685\" src=\"https:\/\/connectedclass.com\/wp-content\/uploads\/nicole-headshot-e1675961949672.png\" alt=\"\" width=\"100\" height=\"100\" srcset=\"https:\/\/connectedclass.com\/wp-content\/uploads\/nicole-headshot-e1675961949672-66x66.png 66w, https:\/\/connectedclass.com\/wp-content\/uploads\/nicole-headshot-e1675961949672-100x100.png 100w, https:\/\/connectedclass.com\/wp-content\/uploads\/nicole-headshot-e1675961949672.png 150w\" sizes=\"(max-width: 100px) 100vw, 100px\" \/><\/p>\n<p>Si tiene alguna pregunta o necesita ayuda durante el verano, p\u00f3ngase en contacto con nuestra especialista en conexiones <a href=\"mailto:nicole@connectedclass.com\" target=\"_blank\" rel=\"noopener\">Nicole<\/a>.<\/p>\n<\/div><\/div><\/div><\/div><\/div>\n","protected":false},"excerpt":{"rendered":"<p>Bienvenido al Programa de \u00c9xito de Verano En Connected Class  [&#8230;]<\/p>\n","protected":false},"author":1718,"featured_media":0,"parent":0,"menu_order":0,"comment_status":"closed","ping_status":"closed","template":"","meta":{"_seopress_robots_primary_cat":"","_seopress_titles_title":"","_seopress_titles_desc":"","_seopress_robots_index":"","_price":"","_stock":"","_tribe_ticket_header":"","_tribe_default_ticket_provider":"","_tribe_ticket_capacity":"0","_ticket_start_date":"","_ticket_end_date":"","_tribe_ticket_show_description":"","_tribe_ticket_show_not_going":false,"_tribe_ticket_use_global_stock":"","_tribe_ticket_global_stock_level":"","_global_stock_mode":"","_global_stock_cap":"","_tribe_rsvp_for_event":"","_tribe_ticket_going_count":"","_tribe_ticket_not_going_count":"","_tribe_tickets_list":"[]","_tribe_ticket_has_attendee_info_fields":false,"_themeisle_gutenberg_block_has_review":false,"footnotes":"","_tec_slr_enabled":"","_tec_slr_layout":""},"class_list":["post-39912","page","type-page","status-publish","hentry"],"jetpack_sharing_enabled":true,"ticketed":false,"_links":{"self":[{"href":"https:\/\/connectedclass.com\/es\/wp-json\/wp\/v2\/pages\/39912","targetHints":{"allow":["GET"]}}],"collection":[{"href":"https:\/\/connectedclass.com\/es\/wp-json\/wp\/v2\/pages"}],"about":[{"href":"https:\/\/connectedclass.com\/es\/wp-json\/wp\/v2\/types\/page"}],"author":[{"embeddable":true,"href":"https:\/\/connectedclass.com\/es\/wp-json\/wp\/v2\/users\/1718"}],"replies":[{"embeddable":true,"href":"https:\/\/connectedclass.com\/es\/wp-json\/wp\/v2\/comments?post=39912"}],"version-history":[{"count":0,"href":"https:\/\/connectedclass.com\/es\/wp-json\/wp\/v2\/pages\/39912\/revisions"}],"wp:attachment":[{"href":"https:\/\/connectedclass.com\/es\/wp-json\/wp\/v2\/media?parent=39912"}],"curies":[{"name":"wp","href":"https:\/\/api.w.org\/{rel}","templated":true}]}}