{"id":39918,"date":"2023-08-23T14:35:55","date_gmt":"2023-08-23T18:35:55","guid":{"rendered":"https:\/\/connectedclass.com\/redaccion\/"},"modified":"2023-08-23T14:36:02","modified_gmt":"2023-08-23T18:36:02","slug":"redaccion","status":"publish","type":"page","link":"https:\/\/connectedclass.com\/es\/redaccion\/","title":{"rendered":"Redacci\u00f3n"},"content":{"rendered":"<div class=\"fusion-fullwidth fullwidth-box fusion-builder-row-1 fusion-flex-container nonhundred-percent-fullwidth non-hundred-percent-height-scrolling\" style=\"--awb-border-radius-top-left:0px;--awb-border-radius-top-right:0px;--awb-border-radius-bottom-right:0px;--awb-border-radius-bottom-left:0px;--awb-flex-wrap:wrap;\" ><div class=\"fusion-builder-row fusion-row fusion-flex-align-items-flex-start fusion-flex-content-wrap\" style=\"max-width:1144px;margin-left: calc(-4% \/ 2 );margin-right: calc(-4% \/ 2 );\"><div class=\"fusion-layout-column fusion_builder_column fusion-builder-column-0 fusion_builder_column_2_3 2_3 fusion-flex-column\" style=\"--awb-bg-size:cover;--awb-width-large:66.666666666667%;--awb-margin-top-large:0px;--awb-spacing-right-large:2.88%;--awb-margin-bottom-large:20px;--awb-spacing-left-large:2.88%;--awb-width-medium:100%;--awb-order-medium:0;--awb-spacing-right-medium:1.92%;--awb-spacing-left-medium:1.92%;--awb-width-small:100%;--awb-order-small:0;--awb-spacing-right-small:1.92%;--awb-spacing-left-small:1.92%;\"><div class=\"fusion-column-wrapper fusion-column-has-shadow fusion-flex-justify-content-flex-start fusion-content-layout-column\"><div class=\"fusion-text fusion-text-1\" style=\"--awb-content-alignment:justify;--awb-text-transform:none;--awb-margin-right:20%;\"><p><strong><a href=\"https:\/\/lnns.co\/aDy3u9Pr7fi\" target=\"_blank\" rel=\"noopener\"><img decoding=\"async\" class=\"wp-image-38437 alignleft\" src=\"https:\/\/connectedclass.com\/wp-content\/uploads\/resilient-schools-podcast-image-e1685634732255.png\" alt=\"\" width=\"295\" height=\"296\" srcset=\"https:\/\/connectedclass.com\/wp-content\/uploads\/resilient-schools-podcast-image-e1685634732255-66x66.png 66w, https:\/\/connectedclass.com\/wp-content\/uploads\/resilient-schools-podcast-image-e1685634732255-100x100.png 100w, https:\/\/connectedclass.com\/wp-content\/uploads\/resilient-schools-podcast-image-e1685634732255-150x150.png 150w, https:\/\/connectedclass.com\/wp-content\/uploads\/resilient-schools-podcast-image-e1685634732255-200x200.png 200w, https:\/\/connectedclass.com\/wp-content\/uploads\/resilient-schools-podcast-image-e1685634732255-300x300.png 300w, https:\/\/connectedclass.com\/wp-content\/uploads\/resilient-schools-podcast-image-e1685634732255-400x401.png 400w, https:\/\/connectedclass.com\/wp-content\/uploads\/resilient-schools-podcast-image-e1685634732255-500x501.png 500w, https:\/\/connectedclass.com\/wp-content\/uploads\/resilient-schools-podcast-image-e1685634732255.png 575w\" sizes=\"(max-width: 295px) 100vw, 295px\" \/><\/a>Connected Class en <\/strong>el podcast Resilient Schools Podcast <strong>&#8211; <\/strong>\u00a1Echa un vistazo a este episodio del podcast Resilient Schools Podcast!  <span class=\"xt0psk2\">Christel Leahy Reaves<\/span>, directora ejecutiva y fundadora de <span class=\"xt0psk2\">Connected Class<\/span>, habla con Jethro Jones sobre la importancia del compromiso familiar y c\u00f3mo Learning Link crea oportunidades para una comunicaci\u00f3n significativa y bidireccional entre el profesor, los padres y el alumno.<br \/>\n<a href=\"https:\/\/lnns.co\/aDy3u9Pr7fi\" target=\"_blank\" rel=\"noopener\"><strong>Escuchar Podcast.<\/strong><\/a><\/p>\n<div class=\"x11i5rnm xat24cr x1mh8g0r x1vvkbs xtlvy1s x126k92a\">\n<div dir=\"auto\"><\/div>\n<div dir=\"auto\"><\/div>\n<\/div>\n<\/div><div class=\"fusion-separator\" style=\"align-self: flex-start;margin-right:auto;margin-top:20px;margin-bottom:10px;width:100%;max-width:80%;\"><div class=\"fusion-separator-border sep-single sep-solid\" style=\"--awb-height:20px;--awb-amount:20px;border-color:#e0dede;border-top-width:1px;\"><\/div><\/div><div class=\"fusion-text fusion-text-2\" style=\"--awb-content-alignment:justify;--awb-text-transform:none;--awb-margin-right:20%;\"><p><strong><img decoding=\"async\" class=\"size-full wp-image-36538 alignleft\" src=\"https:\/\/connectedclass.com\/wp-content\/uploads\/SETDA-Square-1-300x300-1.png\" alt=\"\" width=\"300\" height=\"300\" srcset=\"https:\/\/connectedclass.com\/wp-content\/uploads\/SETDA-Square-1-300x300-1-66x66.png 66w, https:\/\/connectedclass.com\/wp-content\/uploads\/SETDA-Square-1-300x300-1-100x100.png 100w, https:\/\/connectedclass.com\/wp-content\/uploads\/SETDA-Square-1-300x300-1-150x150.png 150w, https:\/\/connectedclass.com\/wp-content\/uploads\/SETDA-Square-1-300x300-1-200x200.png 200w, https:\/\/connectedclass.com\/wp-content\/uploads\/SETDA-Square-1-300x300-1.png 300w\" sizes=\"(max-width: 300px) 100vw, 300px\" \/>Clase seleccionada para la cohorte 2023 de socios<\/strong>emergentes <strong>de la AEDT<br \/>\n<\/strong>El 17 de mayo de 2023, <a href=\"https:\/\/www.setda.org\/\">la AEDT<\/a> anunci\u00f3 su d\u00e9cima cohorte anual de socios emergentes. Connected Class es una de las cinco empresas seleccionadas este a\u00f1o. Estas empresas fueron seleccionadas a trav\u00e9s de un proceso de solicitud competitivo y ser\u00e1n presentadas durante el <a href=\"https:\/\/www.setda.org\/events\/emergingtrends\/\">Foro<\/a> anual <a href=\"https:\/\/www.setda.org\/events\/emergingtrends\/\">de Tendencias Emergentes<\/a> de la SETDA a principios de junio. Lea el <a href=\"https:\/\/www.setda.org\/news\/press-releases\/press-release-2023\/setda-names-startups-selected-for-2023-cohort-of-emerging-partners\/\" target=\"_blank\" rel=\"noopener\">comunicado de prensa<\/a> completo para conocer todos los detalles.<\/p>\n<\/div><div class=\"fusion-separator\" style=\"align-self: flex-start;margin-right:auto;margin-top:10px;width:100%;max-width:80%;\"><div class=\"fusion-separator-border sep-single sep-solid\" style=\"--awb-height:20px;--awb-amount:20px;border-color:#e0dede;border-top-width:1px;\"><\/div><\/div><div class=\"fusion-image-element \" style=\"text-align:left;--awb-margin-top:10px;--awb-max-width:800px;--awb-caption-title-font-family:var(--h2_typography-font-family);--awb-caption-title-font-weight:var(--h2_typography-font-weight);--awb-caption-title-font-style:var(--h2_typography-font-style);--awb-caption-title-size:var(--h2_typography-font-size);--awb-caption-title-transform:var(--h2_typography-text-transform);--awb-caption-title-line-height:var(--h2_typography-line-height);--awb-caption-title-letter-spacing:var(--h2_typography-letter-spacing);\"><span class=\" fusion-imageframe imageframe-none imageframe-1 hover-type-none\" style=\"border:1px solid #9e9e9e;\"><img decoding=\"async\" width=\"1200\" height=\"600\" title=\"ILI 2023 &#8211; general graphic (1)\" src=\"https:\/\/connectedclass.com\/wp-content\/uploads\/ILI-2023-general-graphic-1-e1678292840259.png\" alt class=\"img-responsive wp-image-35507\"\/><\/span><\/div><div class=\"fusion-text fusion-text-3\" style=\"--awb-content-alignment:justify;--awb-text-transform:none;--awb-margin-right:20%;\"><p><strong>INSTITUTO DE LIDERAZGO PEDAG\u00d3GICO 2023<br \/>\n<\/strong><span data-contrast=\"none\">\u00danase a nosotros en una <\/span><b><br \/>\n  <i><br \/>\n    <span data-contrast=\"none\">DIG<\/span><br \/>\n  <\/i><br \/>\n<\/b><span data-contrast=\"none\">  para obtener una mayor comprensi\u00f3n del rendimiento actual de los estudiantes y el rendimiento general en la evaluaci\u00f3n Terra Nova para su campus. Iniciaremos el instituto de este a\u00f1o con un seminario web informativo espec\u00edfico para su evaluaci\u00f3n. A continuaci\u00f3n, durante tres d\u00edas de desarrollo profesional  <\/span><b><br \/>\n  <span data-contrast=\"none\">DIG<\/span><br \/>\n<\/b><span data-contrast=\"none\">:<\/span><span data-ccp-props=\"{\"> <\/span><\/p>\n<p><b><br \/>\n  <span data-contrast=\"none\">D<\/span><br \/>\n<\/b><span data-contrast=\"none\">n\u00e1lisis de datos <\/span> <span data-ccp-props=\"{\"><br \/>\n<\/span><b><br \/>\n  <span data-contrast=\"none\">I<\/span><br \/>\n<\/b><span data-contrast=\"none\">stablecimiento de objetivos educativos<br \/>\n<\/span><b><br \/>\n  <span data-contrast=\"none\">G<\/span><br \/>\n<\/b><span data-contrast=\"none\">esarrollo del plan general <\/span> <span data-ccp-props=\"{\"> <\/span><\/p>\n<p>Inscr\u00edbase en el seminario web informativo para conocer todos los detalles.<\/p>\n<ul>\n<li><strong><a href=\"https:\/\/connectedclass.com\/events\/map-informational-webinar\/\" target=\"_blank\" rel=\"noopener\">Seminario web informativo sobre el MAP<\/a><\/strong><\/li>\n<li><strong><a href=\"https:\/\/connectedclass.com\/events\/iowa-informational-webinar\/\" target=\"_blank\" rel=\"noopener\">Seminario web informativo sobre Iowa<\/a><\/strong><\/li>\n<li><strong><a href=\"https:\/\/connectedclass.com\/events\/terra-nova-informational-webinar\/\" target=\"_blank\" rel=\"noopener\">Seminario web informativo sobre Terra Nova<\/a><\/strong><\/li>\n<\/ul>\n<\/div><div class=\"fusion-separator\" style=\"align-self: flex-start;margin-right:auto;margin-top:10px;width:100%;max-width:80%;\"><div class=\"fusion-separator-border sep-single sep-solid\" style=\"--awb-height:20px;--awb-amount:20px;border-color:#e0dede;border-top-width:1px;\"><\/div><\/div><div class=\"fusion-image-element \" style=\"text-align:left;--awb-margin-top:10px;--awb-max-width:800px;--awb-caption-title-font-family:var(--h2_typography-font-family);--awb-caption-title-font-weight:var(--h2_typography-font-weight);--awb-caption-title-font-style:var(--h2_typography-font-style);--awb-caption-title-size:var(--h2_typography-font-size);--awb-caption-title-transform:var(--h2_typography-text-transform);--awb-caption-title-line-height:var(--h2_typography-line-height);--awb-caption-title-letter-spacing:var(--h2_typography-letter-spacing);\"><span class=\" fusion-imageframe imageframe-none imageframe-2 hover-type-none\" style=\"border:1px solid #9e9e9e;\"><a class=\"fusion-no-lightbox\" href=\"https:\/\/connectedclass.com\/summer-success\/\" target=\"_self\" aria-label=\"summer success program &#8211; news and highlights\"><img decoding=\"async\" width=\"575\" height=\"302\" src=\"https:\/\/connectedclass.com\/wp-content\/uploads\/summer-success-program-news-and-highlights.jpg\" alt class=\"img-responsive wp-image-22983\" srcset=\"https:\/\/connectedclass.com\/wp-content\/uploads\/summer-success-program-news-and-highlights-200x105.jpg 200w, https:\/\/connectedclass.com\/wp-content\/uploads\/summer-success-program-news-and-highlights-400x210.jpg 400w, https:\/\/connectedclass.com\/wp-content\/uploads\/summer-success-program-news-and-highlights.jpg 575w\" sizes=\"(max-width: 1024px) 100vw, (max-width: 640px) 100vw, 575px\" \/><\/a><\/span><\/div><div class=\"fusion-text fusion-text-4\" style=\"--awb-content-alignment:justify;--awb-text-transform:none;--awb-margin-right:20%;\"><p><strong>PROGRAMA DE \u00c9XITO DE VERANO LEARNING LINK<br \/>\n<\/strong>Durante el verano, algunos estudiantes experimentan importantes p\u00e9rdidas de aprendizaje. Los educadores suelen referirse a este fen\u00f3meno como el &#8220;resbal\u00f3n del verano&#8221;. Connected Class quiere ayudar a profesores y administradores a combatir el s\u00edndrome de abstinencia estival facilitando a las familias el acceso a los juegos, estrategias y actividades de alfabetizaci\u00f3n y matem\u00e1ticas de Learning Link.  <a href=\"https:\/\/connectedclass.com\/summer-success\/\" target=\"_blank\" rel=\"noopener\">Descubra c\u00f3mo puede ayudar a sus alumnos a evitar el resbal\u00f3n estival.<\/a><\/p>\n<\/div><div class=\"fusion-separator\" style=\"align-self: flex-start;margin-right:auto;width:100%;max-width:80%;\"><div class=\"fusion-separator-border sep-single sep-solid\" style=\"--awb-height:20px;--awb-amount:20px;border-color:#e0dede;border-top-width:1px;\"><\/div><\/div><div class=\"fusion-image-element \" style=\"--awb-margin-top:10px;--awb-max-width:800px;--awb-caption-title-font-family:var(--h2_typography-font-family);--awb-caption-title-font-weight:var(--h2_typography-font-weight);--awb-caption-title-font-style:var(--h2_typography-font-style);--awb-caption-title-size:var(--h2_typography-font-size);--awb-caption-title-transform:var(--h2_typography-text-transform);--awb-caption-title-line-height:var(--h2_typography-line-height);--awb-caption-title-letter-spacing:var(--h2_typography-letter-spacing);\"><span class=\" fusion-imageframe imageframe-none imageframe-3 hover-type-none\" style=\"border:1px solid #9e9e9e;\"><img decoding=\"async\" width=\"1024\" height=\"683\" title=\"connected class STEM innovator award\" src=\"https:\/\/connectedclass.com\/wp-content\/uploads\/2021\/08\/connected-class-STEM-innovator-award-e1629127445964.jpg\" alt class=\"img-responsive wp-image-12902\"\/><\/span><\/div><div class=\"fusion-text fusion-text-5\" style=\"--awb-content-alignment:justify;--awb-margin-right:21%;\"><p>El 24 de junio de 2021, Connected Class fue reconocida con el premio STEM Small Business Innovator of the Year por la secci\u00f3n Space Coast de Women in Defense.<br \/>\n<a href=\"http:\/\/scwid.org\/2021-stem-scholarship-and-innovator-awards-presentations\/\" target=\"_blank\" rel=\"noopener\">Fotos y v\u00eddeo de la ceremonia<\/a><\/p>\n<\/div><\/div><\/div><div class=\"fusion-layout-column fusion_builder_column fusion-builder-column-1 fusion_builder_column_1_3 1_3 fusion-flex-column\" style=\"--awb-bg-size:cover;--awb-width-large:33.333333333333%;--awb-margin-top-large:0px;--awb-spacing-right-large:5.76%;--awb-margin-bottom-large:20px;--awb-spacing-left-large:5.76%;--awb-width-medium:100%;--awb-order-medium:0;--awb-spacing-right-medium:1.92%;--awb-spacing-left-medium:1.92%;--awb-width-small:100%;--awb-order-small:0;--awb-spacing-right-small:1.92%;--awb-spacing-left-small:1.92%;\"><div class=\"fusion-column-wrapper fusion-column-has-shadow fusion-flex-justify-content-flex-start fusion-content-layout-column\"><div class=\"fusion-text fusion-text-6\"><h2 style=\"text-align: left;\"><strong>PR\u00d3XIMOS EVENTOS<\/strong><\/h2>\n<\/div><div class=\"fusion-separator fusion-full-width-sep\" style=\"align-self: center;margin-left: auto;margin-right: auto;width:100%;\"><div class=\"fusion-separator-border sep-single\" style=\"--awb-height:20px;--awb-amount:20px;border-color:#e0dede;border-top-width:1px;\"><\/div><\/div><div class=\"fusion-text fusion-text-7\" style=\"--awb-text-transform:none;\"><p><strong>MAPA Matem\u00e1ticas &#8211; DATA DIG DAYS<\/strong><br \/>\nInstituto de Liderazgo Educativo 2023<br \/>\n<em>S\u00f3lo educadores de escuelas privadas del condado de Palm Beach<\/em><br \/>\n5 &#8211; 8 de junio de 2023 | 8:30 AM &#8211; 3:30 PM EST<br \/>\n<strong><a href=\"https:\/\/connectedclass.com\/events\/map-math-instructional-leadership-institute-the-big-dig-2023\/\">M\u00e1s informaci\u00f3n<\/a><\/strong><\/p>\n<p><strong>Iowa Math &#8211; D\u00cdAS DE DATOS<\/strong><br \/>\nInstituto de Liderazgo Educativo 2023<br \/>\n<em>S\u00f3lo educadores de escuelas privadas del condado de Palm Beach<\/em><br \/>\n6 &#8211; 8 de junio de 2023 | 8:30 AM &#8211; 3:30 PM EST<br \/>\n<a href=\"https:\/\/connectedclass.com\/events\/iowa-math-instructional-leadership-institute-the-big-dig-2023\/\"><strong>M\u00e1s informaci\u00f3n<\/strong><\/a><\/p>\n<p><strong>Terra Nova Math &#8211; D\u00cdAS DE DATOS<\/strong><br \/>\nInstituto de Liderazgo Educativo 2023<br \/>\n<em>S\u00f3lo educadores de escuelas privadas del condado de Palm Beach<\/em><br \/>\n6 &#8211; 8 de junio de 2023 | 8:30 AM &#8211; 3:30 PM EST<br \/>\n<strong><a href=\"https:\/\/connectedclass.com\/events\/terra-nova-math-instructional-leadership-institute-the-big-dig-2023\/\">M\u00e1s informaci\u00f3n<\/a><br \/>\n<\/strong><\/p>\n<p><strong>MAPA ELA &#8211; D\u00cdAS DE EXCAVACI\u00d3N DE DATOS<\/strong><br \/>\nInstituto de Liderazgo Educativo 2023<br \/>\n<em>S\u00f3lo educadores de escuelas privadas del condado de Palm Beach<\/em><br \/>\n12 &#8211; 15 de junio de 2023 | 8:30 AM &#8211; 3:30 PM EST<br \/>\n<a href=\"https:\/\/connectedclass.com\/events\/map-ela-instructional-leadership-institute-the-big-dig-2023\/\"><strong>M\u00e1s informaci\u00f3n<\/strong><\/a><\/p>\n<p><strong>Iowa ELA &#8211; DATA DIG DAYS<\/strong><br \/>\nInstituto de Liderazgo Educativo 2023<br \/>\n<em>S\u00f3lo educadores de escuelas privadas del condado de Palm Beach<\/em><br \/>\n13 &#8211; 15 de junio de 2023 | 8:30 AM &#8211; 3:30 PM EST<br \/>\n<a href=\"https:\/\/connectedclass.com\/events\/iowa-ela-instructional-leadership-institute-the-big-dig-2023\/\"><strong>M\u00e1s informaci\u00f3n<\/strong><\/a><\/p>\n<p><strong>Terra Nova ELA &#8211; DATA DIG DAYS<\/strong><br \/>\nInstituto de Liderazgo Educativo 2023<br \/>\n<em>S\u00f3lo educadores de escuelas privadas del condado de Palm Beach<\/em><br \/>\n13 &#8211; 15 de junio de 2023 | 8:30 AM &#8211; 3:30 PM EST<br \/>\n<a href=\"https:\/\/connectedclass.com\/events\/terra-nova-ela-instructional-leadership-institute-the-big-dig-2023\/\"><strong>M\u00e1s informaci\u00f3n<\/strong><\/a><\/p>\n<\/div><div class=\"fusion-separator fusion-full-width-sep\" style=\"align-self: center;margin-left: auto;margin-right: auto;width:100%;\"><div class=\"fusion-separator-border sep-single\" style=\"--awb-height:20px;--awb-amount:20px;border-color:#e0dede;border-top-width:1px;\"><\/div><\/div><div class=\"fusion-text fusion-text-8\"><h2><strong>RECURSOS<\/strong><\/h2>\n<\/div><div class=\"fusion-text fusion-text-9\"><p><strong>Ayudar a los padres a ser m\u00e1s inteligentes que los dispositivos<br \/>\n<\/strong>Webinar informativo para padres<br \/>\n<a href=\"https:\/\/vimeo.com\/772477741\/1babdec67a\" target=\"_blank\" rel=\"noopener\">Ver seminario web<\/a><\/p>\n<\/div><\/div><\/div><\/div><\/div>\n","protected":false},"excerpt":{"rendered":"","protected":false},"author":1718,"featured_media":0,"parent":0,"menu_order":0,"comment_status":"closed","ping_status":"closed","template":"","meta":{"_seopress_robots_primary_cat":"","_seopress_titles_title":"","_seopress_titles_desc":"","_seopress_robots_index":"","_price":"","_stock":"","_tribe_ticket_header":"","_tribe_default_ticket_provider":"","_tribe_ticket_capacity":"0","_ticket_start_date":"","_ticket_end_date":"","_tribe_ticket_show_description":"","_tribe_ticket_show_not_going":false,"_tribe_ticket_use_global_stock":"","_tribe_ticket_global_stock_level":"","_global_stock_mode":"","_global_stock_cap":"","_tribe_rsvp_for_event":"","_tribe_ticket_going_count":"","_tribe_ticket_not_going_count":"","_tribe_tickets_list":"[]","_tribe_ticket_has_attendee_info_fields":false,"_themeisle_gutenberg_block_has_review":false,"footnotes":"","_tec_slr_enabled":"","_tec_slr_layout":""},"class_list":["post-39918","page","type-page","status-publish","hentry"],"jetpack_sharing_enabled":true,"ticketed":false,"_links":{"self":[{"href":"https:\/\/connectedclass.com\/es\/wp-json\/wp\/v2\/pages\/39918","targetHints":{"allow":["GET"]}}],"collection":[{"href":"https:\/\/connectedclass.com\/es\/wp-json\/wp\/v2\/pages"}],"about":[{"href":"https:\/\/connectedclass.com\/es\/wp-json\/wp\/v2\/types\/page"}],"author":[{"embeddable":true,"href":"https:\/\/connectedclass.com\/es\/wp-json\/wp\/v2\/users\/1718"}],"replies":[{"embeddable":true,"href":"https:\/\/connectedclass.com\/es\/wp-json\/wp\/v2\/comments?post=39918"}],"version-history":[{"count":0,"href":"https:\/\/connectedclass.com\/es\/wp-json\/wp\/v2\/pages\/39918\/revisions"}],"wp:attachment":[{"href":"https:\/\/connectedclass.com\/es\/wp-json\/wp\/v2\/media?parent=39918"}],"curies":[{"name":"wp","href":"https:\/\/api.w.org\/{rel}","templated":true}]}}