{"id":39950,"date":"2023-08-23T14:40:29","date_gmt":"2023-08-23T18:40:29","guid":{"rendered":"https:\/\/connectedclass.com\/servicios-de-aprendizaje-profesional\/"},"modified":"2023-08-23T14:40:32","modified_gmt":"2023-08-23T18:40:32","slug":"servicios-de-aprendizaje-profesional","status":"publish","type":"page","link":"https:\/\/connectedclass.com\/es\/servicios-de-aprendizaje-profesional\/","title":{"rendered":"Servicios de aprendizaje profesional"},"content":{"rendered":"<div class=\"fusion-fullwidth fullwidth-box fusion-builder-row-1 nonhundred-percent-fullwidth non-hundred-percent-height-scrolling\" style=\"--awb-border-radius-top-left:0px;--awb-border-radius-top-right:0px;--awb-border-radius-bottom-right:0px;--awb-border-radius-bottom-left:0px;--awb-flex-wrap:wrap;\" ><div class=\"fusion-builder-row fusion-row\"><div class=\"fusion-layout-column fusion_builder_column fusion-builder-column-0 fusion_builder_column_2_3 2_3 fusion-two-third fusion-column-first\" style=\"--awb-bg-size:cover;--awb-margin-bottom:0px;width:66.666666666667%;width:calc(66.666666666667% - ( ( 4% ) * 0.66666666666667 ) );margin-right: 4%;\"><div class=\"fusion-column-wrapper fusion-flex-column-wrapper-legacy\"><div class=\"fusion-title title fusion-title-1 fusion-sep-none fusion-title-text fusion-title-size-one\" style=\"--awb-margin-bottom:0px;--awb-margin-top-small:0px;--awb-margin-right-small:0px;--awb-margin-bottom-small:20px;--awb-margin-left-small:0px;\"><h1 class=\"fusion-title-heading title-heading-left\" style=\"margin:0;\"><p style=\"text-align: center;\">Aprendizaje profesional personalizado<br \/>\n<img decoding=\"async\" class=\"alignnone size-full wp-image-194\" src=\"https:\/\/connectedclass.com\/wp-content\/uploads\/2019\/03\/title-underline.jpg\" alt=\"\" width=\"102\" height=\"4\" srcset=\"https:\/\/connectedclass.com\/wp-content\/uploads\/2019\/03\/title-underline-66x4.jpg 66w, https:\/\/connectedclass.com\/wp-content\/uploads\/2019\/03\/title-underline-100x4.jpg 100w, https:\/\/connectedclass.com\/wp-content\/uploads\/2019\/03\/title-underline.jpg 102w\" sizes=\"(max-width: 102px) 100vw, 102px\" \/><\/p><\/h1><\/div><div class=\"fusion-text fusion-text-1\"><p>Connected Class es una empresa de servicios completos de aprendizaje profesional para educadores de K-12. Prestamos apoyo a centros p\u00fablicos y privados, desde grandes distritos a escuelas individuales, con un aprendizaje profesional personalizado basado en las necesidades de los alumnos y los profesores.<\/p>\n<p>Nuestro proceso de evaluaci\u00f3n de necesidades identifica el \u00e1rea de mayor necesidad mediante el an\u00e1lisis de datos y la reflexi\u00f3n de los educadores. Nuestros paquetes integrales ayudan a los centros escolares a desarrollar objetivos para el rendimiento de los alumnos en todo el sistema, junto con una v\u00eda para alcanzarlos.<\/p>\n<p>Nuestras soluciones incluyen:<\/p>\n<ul>\n<li>Desarrollo profesional in situ con talleres, institutos, facilitaci\u00f3n y opciones de coaching in situ.\n<ul>\n<li>Institutos: Aprendizaje personalizado de varios d\u00edas de duraci\u00f3n centrado en la mejora global de los centros escolares. Los sistemas y las escuelas son guiados a trav\u00e9s del proceso de mejora escolar en una atm\u00f3sfera creativa y emocionante. Liderazgo, creaci\u00f3n de equipos y establecimiento de objetivos son s\u00f3lo algunos de los temas que pueden incorporarse a un instituto. Cada instituto se desarrolla en funci\u00f3n de las necesidades del sistema o de la escuela. Las mejores pr\u00e1cticas basadas en la investigaci\u00f3n se comunican y modelan. El objetivo de cada instituto es ayudar a la escuela a alcanzar su potencial mediante el desarrollo de un plan de acci\u00f3n para su aplicaci\u00f3n.<\/li>\n<\/ul>\n<\/li>\n<li>Comunicaci\u00f3n continua con un especialista en ense\u00f1anza a trav\u00e9s de la plataforma en l\u00ednea <strong>Direct Connect <\/strong>.<\/li>\n<li>Connected Class lleva la mejora escolar un paso m\u00e1s all\u00e1 e incorpora estrategias y v\u00eddeos al aprendizaje profesional para aumentar la comunicaci\u00f3n del centro educativo con el entorno familiar.<\/li>\n<\/ul>\n<p>Tanto si necesita una formaci\u00f3n especializada puntual, como si necesita un paquete de desarrollo profesional elaborado para apoyar el crecimiento de un sistema escolar, Connected Class puede ayudarle a alcanzar su visi\u00f3n del \u00e9xito de los estudiantes.<\/p>\n<\/div><div class=\"fusion-sep-clear\"><\/div><div class=\"fusion-separator fusion-full-width-sep\" style=\"margin-left: auto;margin-right: auto;margin-top:10px;margin-bottom:10px;width:100%;\"><\/div><div class=\"fusion-sep-clear\"><\/div><div class=\"fusion-testimonials classic awb-speech-bubble-show fusion-testimonials-1\" style=\"--awb-textcolor:#747474;--awb-backgroundcolor:#e8e8e8;--awb-testimonial-border-style:solid;--awb-testimonial-border-color:var(--awb-color3);--awb-border-top-left-radius:0px;--awb-border-top-right-radius:0px;--awb-border-bottom-left-radius:0px;--awb-border-bottom-right-radius:0px;--testimonial-border-width-top:0px;--testimonial-border-width-right:0px;--testimonial-border-width-bottom:0px;--testimonial-border-width-left:0px;\" data-random=\"0\" data-speed=\"4000\"><div class=\"reviews\"><div class=\"review active-testimonial no-avatar\"><blockquote><div class=\"awb-quote\"><div class=\"awb-quote-content\">\n<p><span style=\"font-weight: 400;\">&#8220;Tengo que ser honesto, soy un veterano de 36 (casi) a\u00f1os, y no esperaba nada m\u00e1s que otra &#8220;herramienta&#8221; para mi siempre abultada caja de herramientas. \u00a1Entonces llegaste T\u00da! \u00a1Cada minuto que hablaste fue como agua para una esponja! Absorb\u00ed TANTO en tan poco tiempo&#8221;.  <\/span><\/p>\n<\/div><\/div><span class=\"awb-triangle\"><\/span><\/blockquote><div class=\"author\"><span class=\"company-name\"><strong>Karri Klemm, Profesora de 7\u00ba grado<\/strong><span>, <\/span><span>Iglesia y Escuela Luterana de la Trinidad, Delray Beach, FL  <\/span><\/span><\/div><\/div><\/div><\/div><div class=\"fusion-clearfix\"><\/div><\/div><\/div><div class=\"fusion-layout-column fusion_builder_column fusion-builder-column-1 fusion_builder_column_1_3 1_3 fusion-one-third fusion-column-last\" style=\"--awb-bg-size:cover;width:33.333333333333%;width:calc(33.333333333333% - ( ( 4% ) * 0.33333333333333 ) );\"><div class=\"fusion-column-wrapper fusion-flex-column-wrapper-legacy\"><div class=\"fusion-sep-clear\"><\/div><div class=\"fusion-separator fusion-full-width-sep\" style=\"margin-left: auto;margin-right: auto;margin-top:10px;margin-bottom:10px;width:100%;\"><div class=\"fusion-separator-border sep-single\" style=\"--awb-height:20px;--awb-amount:20px;border-color:#e0dede;border-top-width:0px;\"><\/div><\/div><div class=\"fusion-sep-clear\"><\/div><div class=\"fusion-image-element fusion-image-align-center in-legacy-container\" style=\"text-align:center;--awb-caption-title-font-family:var(--h2_typography-font-family);--awb-caption-title-font-weight:var(--h2_typography-font-weight);--awb-caption-title-font-style:var(--h2_typography-font-style);--awb-caption-title-size:var(--h2_typography-font-size);--awb-caption-title-transform:var(--h2_typography-text-transform);--awb-caption-title-line-height:var(--h2_typography-line-height);--awb-caption-title-letter-spacing:var(--h2_typography-letter-spacing);\"><div class=\"imageframe-align-center\"><span class=\" fusion-imageframe imageframe-none imageframe-1 hover-type-zoomin\"><a class=\"fusion-no-lightbox\" href=\"\/on-site-professional-development-services\/\" target=\"_self\" aria-label=\"sidebar-Professional-Learning\"><img decoding=\"async\" width=\"301\" height=\"151\" alt=\"Professional Learning Button\" src=\"https:\/\/connectedclass.com\/wp-content\/uploads\/sidebar-Professional-Learning.jpg\" class=\"img-responsive wp-image-87649\" srcset=\"https:\/\/connectedclass.com\/wp-content\/uploads\/sidebar-Professional-Learning-200x100.jpg 200w, https:\/\/connectedclass.com\/wp-content\/uploads\/sidebar-Professional-Learning.jpg 301w\" sizes=\"(max-width: 800px) 100vw, 301px\" \/><\/a><\/span><\/div><\/div><div class=\"fusion-sep-clear\"><\/div><div class=\"fusion-separator fusion-full-width-sep\" style=\"margin-left: auto;margin-right: auto;margin-top:10px;margin-bottom:10px;width:100%;\"><div class=\"fusion-separator-border sep-single\" style=\"--awb-height:20px;--awb-amount:20px;border-color:#e0dede;border-top-width:0px;\"><\/div><\/div><div class=\"fusion-sep-clear\"><\/div><div class=\"fusion-image-element fusion-image-align-center in-legacy-container\" style=\"text-align:center;--awb-caption-title-font-family:var(--h2_typography-font-family);--awb-caption-title-font-weight:var(--h2_typography-font-weight);--awb-caption-title-font-style:var(--h2_typography-font-style);--awb-caption-title-size:var(--h2_typography-font-size);--awb-caption-title-transform:var(--h2_typography-text-transform);--awb-caption-title-line-height:var(--h2_typography-line-height);--awb-caption-title-letter-spacing:var(--h2_typography-letter-spacing);\"><div class=\"imageframe-align-center\"><span class=\" fusion-imageframe imageframe-none imageframe-2 hover-type-zoomin\"><a class=\"fusion-no-lightbox\" href=\"\/direct-connect-services\/\" target=\"_self\" aria-label=\"ourservices-sidebar-DirectConnect\"><img decoding=\"async\" width=\"301\" height=\"150\" alt=\"Direct Connect Button\" src=\"https:\/\/connectedclass.com\/wp-content\/uploads\/2019\/03\/ourservices-sidebar-DirectConnect-1.jpg\" class=\"img-responsive wp-image-3167\" srcset=\"https:\/\/connectedclass.com\/wp-content\/uploads\/2019\/03\/ourservices-sidebar-DirectConnect-1-200x100.jpg 200w, https:\/\/connectedclass.com\/wp-content\/uploads\/2019\/03\/ourservices-sidebar-DirectConnect-1.jpg 301w\" sizes=\"(max-width: 800px) 100vw, 301px\" \/><\/a><\/span><\/div><\/div><div class=\"fusion-sep-clear\"><\/div><div class=\"fusion-separator fusion-full-width-sep\" style=\"margin-left: auto;margin-right: auto;margin-top:10px;margin-bottom:10px;width:100%;\"><div class=\"fusion-separator-border sep-single\" style=\"--awb-height:20px;--awb-amount:20px;border-color:#e0dede;border-top-width:0px;\"><\/div><\/div><div class=\"fusion-sep-clear\"><\/div><div class=\"fusion-image-element fusion-image-align-center in-legacy-container\" style=\"text-align:center;--awb-caption-title-font-family:var(--h2_typography-font-family);--awb-caption-title-font-weight:var(--h2_typography-font-weight);--awb-caption-title-font-style:var(--h2_typography-font-style);--awb-caption-title-size:var(--h2_typography-font-size);--awb-caption-title-transform:var(--h2_typography-text-transform);--awb-caption-title-line-height:var(--h2_typography-line-height);--awb-caption-title-letter-spacing:var(--h2_typography-letter-spacing);\"><div class=\"imageframe-align-center\"><span class=\" fusion-imageframe imageframe-none imageframe-3 hover-type-zoomin\"><a class=\"fusion-no-lightbox\" href=\"\/resource-room-services\/\" target=\"_self\" aria-label=\"ourservices-sidebar-resourceroom\"><img decoding=\"async\" width=\"301\" height=\"151\" alt=\"Learning Link Button\" src=\"https:\/\/connectedclass.com\/wp-content\/uploads\/2019\/03\/ourservices-sidebar-resourceroom.jpg\" class=\"img-responsive wp-image-3170\" srcset=\"https:\/\/connectedclass.com\/wp-content\/uploads\/2019\/03\/ourservices-sidebar-resourceroom-200x100.jpg 200w, https:\/\/connectedclass.com\/wp-content\/uploads\/2019\/03\/ourservices-sidebar-resourceroom.jpg 301w\" sizes=\"(max-width: 800px) 100vw, 301px\" \/><\/a><\/span><\/div><\/div><div class=\"fusion-sep-clear\"><\/div><div class=\"fusion-separator fusion-full-width-sep\" style=\"margin-left: auto;margin-right: auto;margin-top:10px;margin-bottom:10px;width:100%;\"><div class=\"fusion-separator-border sep-single\" style=\"--awb-height:20px;--awb-amount:20px;border-color:#e0dede;border-top-width:0px;\"><\/div><\/div><div class=\"fusion-sep-clear\"><\/div><div class=\"fusion-image-element fusion-image-align-center in-legacy-container\" style=\"text-align:center;--awb-caption-title-font-family:var(--h2_typography-font-family);--awb-caption-title-font-weight:var(--h2_typography-font-weight);--awb-caption-title-font-style:var(--h2_typography-font-style);--awb-caption-title-size:var(--h2_typography-font-size);--awb-caption-title-transform:var(--h2_typography-text-transform);--awb-caption-title-line-height:var(--h2_typography-line-height);--awb-caption-title-letter-spacing:var(--h2_typography-letter-spacing);\"><div class=\"imageframe-align-center\"><span class=\" fusion-imageframe imageframe-none imageframe-4 hover-type-zoomin\"><a class=\"fusion-no-lightbox\" href=\"\/learning-link-services\/\" target=\"_self\" aria-label=\"ourservices-sidebar-LearningLink\"><img decoding=\"async\" width=\"301\" height=\"150\" alt=\"Learning Link Button\" src=\"https:\/\/connectedclass.com\/wp-content\/uploads\/2019\/03\/ourservices-sidebar-LearningLink.jpg\" class=\"img-responsive wp-image-3168\" srcset=\"https:\/\/connectedclass.com\/wp-content\/uploads\/2019\/03\/ourservices-sidebar-LearningLink-200x100.jpg 200w, https:\/\/connectedclass.com\/wp-content\/uploads\/2019\/03\/ourservices-sidebar-LearningLink.jpg 301w\" sizes=\"(max-width: 800px) 100vw, 301px\" \/><\/a><\/span><\/div><\/div><div class=\"fusion-sep-clear\"><\/div><div class=\"fusion-separator fusion-full-width-sep\" style=\"margin-left: auto;margin-right: auto;margin-top:10px;margin-bottom:10px;width:100%;\"><div class=\"fusion-separator-border sep-single\" style=\"--awb-height:20px;--awb-amount:20px;border-color:#e0dede;border-top-width:0px;\"><\/div><\/div><div class=\"fusion-sep-clear\"><\/div><div class=\"fusion-image-element fusion-image-align-center in-legacy-container\" style=\"text-align:center;--awb-caption-title-font-family:var(--h2_typography-font-family);--awb-caption-title-font-weight:var(--h2_typography-font-weight);--awb-caption-title-font-style:var(--h2_typography-font-style);--awb-caption-title-size:var(--h2_typography-font-size);--awb-caption-title-transform:var(--h2_typography-text-transform);--awb-caption-title-line-height:var(--h2_typography-line-height);--awb-caption-title-letter-spacing:var(--h2_typography-letter-spacing);\"><div class=\"imageframe-align-center\"><span class=\" fusion-imageframe imageframe-none imageframe-5 hover-type-zoomin\"><a class=\"fusion-no-lightbox\" href=\"\/digital-safety-services\/\" target=\"_self\" aria-label=\"sidebar-digital-safety\"><img decoding=\"async\" width=\"301\" height=\"151\" alt=\"Digital Safety Button\" src=\"https:\/\/connectedclass.com\/wp-content\/uploads\/sidebar-digital-safety.jpg\" class=\"img-responsive wp-image-87651\" srcset=\"https:\/\/connectedclass.com\/wp-content\/uploads\/sidebar-digital-safety-200x100.jpg 200w, https:\/\/connectedclass.com\/wp-content\/uploads\/sidebar-digital-safety.jpg 301w\" sizes=\"(max-width: 800px) 100vw, 301px\" \/><\/a><\/span><\/div><\/div><div class=\"fusion-sep-clear\"><\/div><div class=\"fusion-separator fusion-full-width-sep\" style=\"margin-left: auto;margin-right: auto;margin-top:10px;margin-bottom:10px;width:100%;\"><div class=\"fusion-separator-border sep-single\" style=\"--awb-height:20px;--awb-amount:20px;border-color:#e0dede;border-top-width:0px;\"><\/div><\/div><div class=\"fusion-sep-clear\"><\/div><div class=\"fusion-image-element fusion-image-align-center in-legacy-container\" style=\"text-align:center;--awb-caption-title-font-family:var(--h2_typography-font-family);--awb-caption-title-font-weight:var(--h2_typography-font-weight);--awb-caption-title-font-style:var(--h2_typography-font-style);--awb-caption-title-size:var(--h2_typography-font-size);--awb-caption-title-transform:var(--h2_typography-text-transform);--awb-caption-title-line-height:var(--h2_typography-line-height);--awb-caption-title-letter-spacing:var(--h2_typography-letter-spacing);\"><div class=\"imageframe-align-center\"><span class=\" fusion-imageframe imageframe-none imageframe-6 hover-type-zoomin\"><a class=\"fusion-no-lightbox\" href=\" https:\/\/connectedclass.com\/summer-success-services\/\" target=\"_self\" aria-label=\"summer success services- update (1)\"><img decoding=\"async\" width=\"301\" height=\"150\" alt=\"Learning Link Button\" src=\"https:\/\/connectedclass.com\/wp-content\/uploads\/summer-success-services-update-1.png\" class=\"img-responsive wp-image-36101\" srcset=\"https:\/\/connectedclass.com\/wp-content\/uploads\/summer-success-services-update-1-200x100.png 200w, https:\/\/connectedclass.com\/wp-content\/uploads\/summer-success-services-update-1.png 301w\" sizes=\"(max-width: 800px) 100vw, 301px\" \/><\/a><\/span><\/div><\/div><div class=\"fusion-sep-clear\"><\/div><div class=\"fusion-separator fusion-full-width-sep\" style=\"margin-left: auto;margin-right: auto;margin-top:10px;margin-bottom:10px;width:100%;\"><div class=\"fusion-separator-border sep-single\" style=\"--awb-height:20px;--awb-amount:20px;border-color:#e0dede;border-top-width:0px;\"><\/div><\/div><div class=\"fusion-sep-clear\"><\/div><div class=\"fusion-image-element fusion-image-align-center in-legacy-container\" style=\"text-align:center;--awb-caption-title-font-family:var(--h2_typography-font-family);--awb-caption-title-font-weight:var(--h2_typography-font-weight);--awb-caption-title-font-style:var(--h2_typography-font-style);--awb-caption-title-size:var(--h2_typography-font-size);--awb-caption-title-transform:var(--h2_typography-text-transform);--awb-caption-title-line-height:var(--h2_typography-line-height);--awb-caption-title-letter-spacing:var(--h2_typography-letter-spacing);\"><div class=\"imageframe-align-center\"><span class=\" fusion-imageframe imageframe-none imageframe-7 hover-type-zoomin\"><a class=\"fusion-no-lightbox\" href=\"https:\/\/connectedclass.com\/live-demo\/\" target=\"_self\" aria-label=\"SCHEDULE DEMO button\"><img decoding=\"async\" width=\"300\" height=\"100\" alt=\"Schedule A Demo Button\" src=\"https:\/\/connectedclass.com\/wp-content\/uploads\/SCHEDULE-DEMO-button.jpg\" class=\"img-responsive wp-image-97543\" srcset=\"https:\/\/connectedclass.com\/wp-content\/uploads\/SCHEDULE-DEMO-button-200x67.jpg 200w, https:\/\/connectedclass.com\/wp-content\/uploads\/SCHEDULE-DEMO-button.jpg 300w\" sizes=\"(max-width: 800px) 100vw, 300px\" \/><\/a><\/span><\/div><\/div><div class=\"fusion-clearfix\"><\/div><\/div><\/div>\n<\/div><\/div>\n","protected":false},"excerpt":{"rendered":"","protected":false},"author":2,"featured_media":0,"parent":0,"menu_order":0,"comment_status":"closed","ping_status":"closed","template":"","meta":{"_seopress_robots_primary_cat":"","_seopress_titles_title":"","_seopress_titles_desc":"","_seopress_robots_index":"","_price":"","_stock":"","_tribe_ticket_header":"","_tribe_default_ticket_provider":"","_tribe_ticket_capacity":"0","_ticket_start_date":"","_ticket_end_date":"","_tribe_ticket_show_description":"","_tribe_ticket_show_not_going":false,"_tribe_ticket_use_global_stock":"","_tribe_ticket_global_stock_level":"","_global_stock_mode":"","_global_stock_cap":"","_tribe_rsvp_for_event":"","_tribe_ticket_going_count":"","_tribe_ticket_not_going_count":"","_tribe_tickets_list":"[]","_tribe_ticket_has_attendee_info_fields":false,"_themeisle_gutenberg_block_has_review":false,"footnotes":"","_tec_slr_enabled":"","_tec_slr_layout":""},"class_list":["post-39950","page","type-page","status-publish","hentry"],"jetpack_sharing_enabled":true,"ticketed":false,"_links":{"self":[{"href":"https:\/\/connectedclass.com\/es\/wp-json\/wp\/v2\/pages\/39950","targetHints":{"allow":["GET"]}}],"collection":[{"href":"https:\/\/connectedclass.com\/es\/wp-json\/wp\/v2\/pages"}],"about":[{"href":"https:\/\/connectedclass.com\/es\/wp-json\/wp\/v2\/types\/page"}],"author":[{"embeddable":true,"href":"https:\/\/connectedclass.com\/es\/wp-json\/wp\/v2\/users\/2"}],"replies":[{"embeddable":true,"href":"https:\/\/connectedclass.com\/es\/wp-json\/wp\/v2\/comments?post=39950"}],"version-history":[{"count":0,"href":"https:\/\/connectedclass.com\/es\/wp-json\/wp\/v2\/pages\/39950\/revisions"}],"wp:attachment":[{"href":"https:\/\/connectedclass.com\/es\/wp-json\/wp\/v2\/media?parent=39950"}],"curies":[{"name":"wp","href":"https:\/\/api.w.org\/{rel}","templated":true}]}}