{"id":39951,"date":"2023-08-23T14:40:31","date_gmt":"2023-08-23T18:40:31","guid":{"rendered":"https:\/\/connectedclass.com\/servicios-de-cursos-conectados\/"},"modified":"2023-08-23T14:40:32","modified_gmt":"2023-08-23T18:40:32","slug":"servicios-de-cursos-conectados","status":"publish","type":"page","link":"https:\/\/connectedclass.com\/es\/servicios-de-cursos-conectados\/","title":{"rendered":"Servicios de cursos conectados"},"content":{"rendered":"<div class=\"fusion-fullwidth fullwidth-box fusion-builder-row-1 nonhundred-percent-fullwidth non-hundred-percent-height-scrolling\" style=\"--awb-border-radius-top-left:0px;--awb-border-radius-top-right:0px;--awb-border-radius-bottom-right:0px;--awb-border-radius-bottom-left:0px;--awb-flex-wrap:wrap;\" ><div class=\"fusion-builder-row fusion-row\"><div class=\"fusion-layout-column fusion_builder_column fusion-builder-column-0 fusion_builder_column_2_3 2_3 fusion-two-third fusion-column-first\" style=\"--awb-bg-size:cover;--awb-margin-bottom:0px;width:66.666666666667%;width:calc(66.666666666667% - ( ( 4% ) * 0.66666666666667 ) );margin-right: 4%;\"><div class=\"fusion-column-wrapper fusion-flex-column-wrapper-legacy\"><div class=\"fusion-title title fusion-title-1 fusion-sep-none fusion-title-text fusion-title-size-one\" style=\"--awb-margin-bottom:0px;--awb-margin-top-small:0px;--awb-margin-right-small:0px;--awb-margin-bottom-small:20px;--awb-margin-left-small:0px;\"><h1 class=\"fusion-title-heading title-heading-left\" style=\"margin:0;\"><p style=\"text-align: center;\">Formaci\u00f3n espec\u00edfica a la carta para<br \/>\nprofesores y administradores<br \/>\n<img decoding=\"async\" class=\"alignnone size-full wp-image-194\" src=\"https:\/\/connectedclass.com\/wp-content\/uploads\/2019\/03\/title-underline.jpg\" alt=\"\" width=\"102\" height=\"4\" srcset=\"https:\/\/connectedclass.com\/wp-content\/uploads\/2019\/03\/title-underline-66x4.jpg 66w, https:\/\/connectedclass.com\/wp-content\/uploads\/2019\/03\/title-underline-100x4.jpg 100w, https:\/\/connectedclass.com\/wp-content\/uploads\/2019\/03\/title-underline.jpg 102w\" sizes=\"(max-width: 102px) 100vw, 102px\" \/><\/p><\/h1><\/div><div class=\"fusion-sep-clear\"><\/div><div class=\"fusion-separator\" style=\"margin-left: auto;margin-right: auto;margin-top:7px;margin-bottom:7px;width:100%;max-width:10.6px;\"><\/div><div class=\"fusion-sep-clear\"><\/div><div class=\"fusion-text fusion-text-1\"><h2 style=\"text-align: center; --fontSize:18; line-height: 1.5; --minFontSize:18;\" data-fontsize=\"18\" data-lineheight=\"27px\" class=\"fusion-responsive-typography-calculated\"><strong>Pr\u00f3ximamente cursos conectados<\/strong><\/h2>\n<\/div><div class=\"fusion-sep-clear\"><\/div><div class=\"fusion-separator\" style=\"margin-left: auto;margin-right: auto;margin-top:7px;margin-bottom:7px;width:100%;max-width:10.6px;\"><\/div><div class=\"fusion-sep-clear\"><\/div><div class=\"fusion-text fusion-text-2\"><p>\u00bfEst\u00e1 demasiado ocupado para salir de clase y participar en cursos de formaci\u00f3n profesional? \u00bfLe gustar\u00eda aprender m\u00e1s sobre c\u00f3mo apoyar el aprendizaje de los estudiantes, pero necesita adaptar el aprendizaje a su horario?<\/p>\n<p>Cursos Conectados es nuestro m\u00f3dulo de aprendizaje profesional en l\u00ednea para el educador ocupado. Seleccione un tema sobre el que desee aprender, vea v\u00eddeos, lea y revise los recursos clave, aplique el concepto y las estrategias, complete una reflexi\u00f3n y un cuestionario para ganar puntos de formaci\u00f3n continua.<\/p>\n<\/div><div class=\"fusion-clearfix\"><\/div><\/div><\/div><div class=\"fusion-layout-column fusion_builder_column fusion-builder-column-1 fusion_builder_column_1_3 1_3 fusion-one-third fusion-column-last\" style=\"--awb-bg-size:cover;width:33.333333333333%;width:calc(33.333333333333% - ( ( 4% ) * 0.33333333333333 ) );\"><div class=\"fusion-column-wrapper fusion-flex-column-wrapper-legacy\"><div class=\"fusion-sep-clear\"><\/div><div class=\"fusion-separator fusion-full-width-sep\" style=\"margin-left: auto;margin-right: auto;margin-top:10px;margin-bottom:10px;width:100%;\"><div class=\"fusion-separator-border sep-single\" style=\"--awb-height:20px;--awb-amount:20px;border-color:#e0dede;border-top-width:0px;\"><\/div><\/div><div class=\"fusion-sep-clear\"><\/div><div class=\"fusion-image-element fusion-image-align-center in-legacy-container\" style=\"text-align:center;--awb-caption-title-font-family:var(--h2_typography-font-family);--awb-caption-title-font-weight:var(--h2_typography-font-weight);--awb-caption-title-font-style:var(--h2_typography-font-style);--awb-caption-title-size:var(--h2_typography-font-size);--awb-caption-title-transform:var(--h2_typography-text-transform);--awb-caption-title-line-height:var(--h2_typography-line-height);--awb-caption-title-letter-spacing:var(--h2_typography-letter-spacing);\"><div class=\"imageframe-align-center\"><span class=\" fusion-imageframe imageframe-none imageframe-1 hover-type-zoomin\"><a class=\"fusion-no-lightbox\" href=\"\/on-site-professional-development-services\/\" target=\"_self\" aria-label=\"sidebar-Professional-Learning\"><img decoding=\"async\" width=\"301\" height=\"151\" alt=\"Professional Learning Button\" src=\"https:\/\/connectedclass.com\/wp-content\/uploads\/sidebar-Professional-Learning.jpg\" class=\"img-responsive wp-image-87649\" srcset=\"https:\/\/connectedclass.com\/wp-content\/uploads\/sidebar-Professional-Learning-200x100.jpg 200w, https:\/\/connectedclass.com\/wp-content\/uploads\/sidebar-Professional-Learning.jpg 301w\" sizes=\"(max-width: 800px) 100vw, 301px\" \/><\/a><\/span><\/div><\/div><div class=\"fusion-sep-clear\"><\/div><div class=\"fusion-separator fusion-full-width-sep\" style=\"margin-left: auto;margin-right: auto;margin-top:10px;margin-bottom:10px;width:100%;\"><div class=\"fusion-separator-border sep-single\" style=\"--awb-height:20px;--awb-amount:20px;border-color:#e0dede;border-top-width:0px;\"><\/div><\/div><div class=\"fusion-sep-clear\"><\/div><div class=\"fusion-image-element fusion-image-align-center in-legacy-container\" style=\"text-align:center;--awb-caption-title-font-family:var(--h2_typography-font-family);--awb-caption-title-font-weight:var(--h2_typography-font-weight);--awb-caption-title-font-style:var(--h2_typography-font-style);--awb-caption-title-size:var(--h2_typography-font-size);--awb-caption-title-transform:var(--h2_typography-text-transform);--awb-caption-title-line-height:var(--h2_typography-line-height);--awb-caption-title-letter-spacing:var(--h2_typography-letter-spacing);\"><div class=\"imageframe-align-center\"><span class=\" fusion-imageframe imageframe-none imageframe-2 hover-type-zoomin\"><a class=\"fusion-no-lightbox\" href=\"\/direct-connect-services\/\" target=\"_self\" aria-label=\"ourservices-sidebar-DirectConnect\"><img decoding=\"async\" width=\"301\" height=\"150\" alt=\"Direct Connect Button\" src=\"https:\/\/connectedclass.com\/wp-content\/uploads\/2019\/03\/ourservices-sidebar-DirectConnect-1.jpg\" class=\"img-responsive wp-image-3167\" srcset=\"https:\/\/connectedclass.com\/wp-content\/uploads\/2019\/03\/ourservices-sidebar-DirectConnect-1-200x100.jpg 200w, https:\/\/connectedclass.com\/wp-content\/uploads\/2019\/03\/ourservices-sidebar-DirectConnect-1.jpg 301w\" sizes=\"(max-width: 800px) 100vw, 301px\" \/><\/a><\/span><\/div><\/div><div class=\"fusion-sep-clear\"><\/div><div class=\"fusion-separator fusion-full-width-sep\" style=\"margin-left: auto;margin-right: auto;margin-top:10px;margin-bottom:10px;width:100%;\"><div class=\"fusion-separator-border sep-single\" style=\"--awb-height:20px;--awb-amount:20px;border-color:#e0dede;border-top-width:0px;\"><\/div><\/div><div class=\"fusion-sep-clear\"><\/div><div class=\"fusion-image-element fusion-image-align-center in-legacy-container\" style=\"text-align:center;--awb-caption-title-font-family:var(--h2_typography-font-family);--awb-caption-title-font-weight:var(--h2_typography-font-weight);--awb-caption-title-font-style:var(--h2_typography-font-style);--awb-caption-title-size:var(--h2_typography-font-size);--awb-caption-title-transform:var(--h2_typography-text-transform);--awb-caption-title-line-height:var(--h2_typography-line-height);--awb-caption-title-letter-spacing:var(--h2_typography-letter-spacing);\"><div class=\"imageframe-align-center\"><span class=\" fusion-imageframe imageframe-none imageframe-3 hover-type-zoomin\"><a class=\"fusion-no-lightbox\" href=\"\/resource-room-services\/\" target=\"_self\" aria-label=\"ourservices-sidebar-resourceroom\"><img decoding=\"async\" width=\"301\" height=\"151\" alt=\"Learning Link Button\" src=\"https:\/\/connectedclass.com\/wp-content\/uploads\/2019\/03\/ourservices-sidebar-resourceroom.jpg\" class=\"img-responsive wp-image-3170\" srcset=\"https:\/\/connectedclass.com\/wp-content\/uploads\/2019\/03\/ourservices-sidebar-resourceroom-200x100.jpg 200w, https:\/\/connectedclass.com\/wp-content\/uploads\/2019\/03\/ourservices-sidebar-resourceroom.jpg 301w\" sizes=\"(max-width: 800px) 100vw, 301px\" \/><\/a><\/span><\/div><\/div><div class=\"fusion-sep-clear\"><\/div><div class=\"fusion-separator fusion-full-width-sep\" style=\"margin-left: auto;margin-right: auto;margin-top:10px;margin-bottom:10px;width:100%;\"><div class=\"fusion-separator-border sep-single\" style=\"--awb-height:20px;--awb-amount:20px;border-color:#e0dede;border-top-width:0px;\"><\/div><\/div><div class=\"fusion-sep-clear\"><\/div><div class=\"fusion-image-element fusion-image-align-center in-legacy-container\" style=\"text-align:center;--awb-caption-title-font-family:var(--h2_typography-font-family);--awb-caption-title-font-weight:var(--h2_typography-font-weight);--awb-caption-title-font-style:var(--h2_typography-font-style);--awb-caption-title-size:var(--h2_typography-font-size);--awb-caption-title-transform:var(--h2_typography-text-transform);--awb-caption-title-line-height:var(--h2_typography-line-height);--awb-caption-title-letter-spacing:var(--h2_typography-letter-spacing);\"><div class=\"imageframe-align-center\"><span class=\" fusion-imageframe imageframe-none imageframe-4 hover-type-zoomin\"><a class=\"fusion-no-lightbox\" href=\"\/learning-link-services\/\" target=\"_self\" aria-label=\"ourservices-sidebar-LearningLink\"><img decoding=\"async\" width=\"301\" height=\"150\" alt=\"Learning Link Button\" src=\"https:\/\/connectedclass.com\/wp-content\/uploads\/2019\/03\/ourservices-sidebar-LearningLink.jpg\" class=\"img-responsive wp-image-3168\" srcset=\"https:\/\/connectedclass.com\/wp-content\/uploads\/2019\/03\/ourservices-sidebar-LearningLink-200x100.jpg 200w, https:\/\/connectedclass.com\/wp-content\/uploads\/2019\/03\/ourservices-sidebar-LearningLink.jpg 301w\" sizes=\"(max-width: 800px) 100vw, 301px\" \/><\/a><\/span><\/div><\/div><div class=\"fusion-sep-clear\"><\/div><div class=\"fusion-separator fusion-full-width-sep\" style=\"margin-left: auto;margin-right: auto;margin-top:10px;margin-bottom:10px;width:100%;\"><div class=\"fusion-separator-border sep-single\" style=\"--awb-height:20px;--awb-amount:20px;border-color:#e0dede;border-top-width:0px;\"><\/div><\/div><div class=\"fusion-sep-clear\"><\/div><div class=\"fusion-image-element fusion-image-align-center in-legacy-container\" style=\"text-align:center;--awb-caption-title-font-family:var(--h2_typography-font-family);--awb-caption-title-font-weight:var(--h2_typography-font-weight);--awb-caption-title-font-style:var(--h2_typography-font-style);--awb-caption-title-size:var(--h2_typography-font-size);--awb-caption-title-transform:var(--h2_typography-text-transform);--awb-caption-title-line-height:var(--h2_typography-line-height);--awb-caption-title-letter-spacing:var(--h2_typography-letter-spacing);\"><div class=\"imageframe-align-center\"><span class=\" fusion-imageframe imageframe-none imageframe-5 hover-type-zoomin\"><a class=\"fusion-no-lightbox\" href=\"\/digital-safety-services\/\" target=\"_self\" aria-label=\"sidebar-digital-safety\"><img decoding=\"async\" width=\"301\" height=\"151\" alt=\"Digital Safety Button\" src=\"https:\/\/connectedclass.com\/wp-content\/uploads\/sidebar-digital-safety.jpg\" class=\"img-responsive wp-image-87651\" srcset=\"https:\/\/connectedclass.com\/wp-content\/uploads\/sidebar-digital-safety-200x100.jpg 200w, https:\/\/connectedclass.com\/wp-content\/uploads\/sidebar-digital-safety.jpg 301w\" sizes=\"(max-width: 800px) 100vw, 301px\" \/><\/a><\/span><\/div><\/div><div class=\"fusion-sep-clear\"><\/div><div class=\"fusion-separator fusion-full-width-sep\" style=\"margin-left: auto;margin-right: auto;margin-top:10px;margin-bottom:10px;width:100%;\"><div class=\"fusion-separator-border sep-single\" style=\"--awb-height:20px;--awb-amount:20px;border-color:#e0dede;border-top-width:0px;\"><\/div><\/div><div class=\"fusion-sep-clear\"><\/div><div class=\"fusion-image-element fusion-image-align-center in-legacy-container\" style=\"text-align:center;--awb-caption-title-font-family:var(--h2_typography-font-family);--awb-caption-title-font-weight:var(--h2_typography-font-weight);--awb-caption-title-font-style:var(--h2_typography-font-style);--awb-caption-title-size:var(--h2_typography-font-size);--awb-caption-title-transform:var(--h2_typography-text-transform);--awb-caption-title-line-height:var(--h2_typography-line-height);--awb-caption-title-letter-spacing:var(--h2_typography-letter-spacing);\"><div class=\"imageframe-align-center\"><span class=\" fusion-imageframe imageframe-none imageframe-6 hover-type-zoomin\"><a class=\"fusion-no-lightbox\" href=\" https:\/\/connectedclass.com\/summer-success-services\/\" target=\"_self\" aria-label=\"summer success services- update (1)\"><img decoding=\"async\" width=\"301\" height=\"150\" alt=\"Learning Link Button\" src=\"https:\/\/connectedclass.com\/wp-content\/uploads\/summer-success-services-update-1.png\" class=\"img-responsive wp-image-36101\" srcset=\"https:\/\/connectedclass.com\/wp-content\/uploads\/summer-success-services-update-1-200x100.png 200w, https:\/\/connectedclass.com\/wp-content\/uploads\/summer-success-services-update-1.png 301w\" sizes=\"(max-width: 800px) 100vw, 301px\" \/><\/a><\/span><\/div><\/div><div class=\"fusion-sep-clear\"><\/div><div class=\"fusion-separator fusion-full-width-sep\" style=\"margin-left: auto;margin-right: auto;margin-top:10px;margin-bottom:10px;width:100%;\"><div class=\"fusion-separator-border sep-single\" style=\"--awb-height:20px;--awb-amount:20px;border-color:#e0dede;border-top-width:0px;\"><\/div><\/div><div class=\"fusion-sep-clear\"><\/div><div class=\"fusion-image-element fusion-image-align-center in-legacy-container\" style=\"text-align:center;--awb-caption-title-font-family:var(--h2_typography-font-family);--awb-caption-title-font-weight:var(--h2_typography-font-weight);--awb-caption-title-font-style:var(--h2_typography-font-style);--awb-caption-title-size:var(--h2_typography-font-size);--awb-caption-title-transform:var(--h2_typography-text-transform);--awb-caption-title-line-height:var(--h2_typography-line-height);--awb-caption-title-letter-spacing:var(--h2_typography-letter-spacing);\"><div class=\"imageframe-align-center\"><span class=\" fusion-imageframe imageframe-none imageframe-7 hover-type-zoomin\"><a class=\"fusion-no-lightbox\" href=\"https:\/\/connectedclass.com\/live-demo\/\" target=\"_self\" aria-label=\"SCHEDULE DEMO button\"><img decoding=\"async\" width=\"300\" height=\"100\" alt=\"Schedule A Demo Button\" src=\"https:\/\/connectedclass.com\/wp-content\/uploads\/SCHEDULE-DEMO-button.jpg\" class=\"img-responsive wp-image-97543\" srcset=\"https:\/\/connectedclass.com\/wp-content\/uploads\/SCHEDULE-DEMO-button-200x67.jpg 200w, https:\/\/connectedclass.com\/wp-content\/uploads\/SCHEDULE-DEMO-button.jpg 300w\" sizes=\"(max-width: 800px) 100vw, 300px\" \/><\/a><\/span><\/div><\/div><div class=\"fusion-clearfix\"><\/div><\/div><\/div>\n<\/div><\/div>\n","protected":false},"excerpt":{"rendered":"","protected":false},"author":2,"featured_media":0,"parent":0,"menu_order":0,"comment_status":"closed","ping_status":"closed","template":"","meta":{"_seopress_robots_primary_cat":"","_seopress_titles_title":"Buenas pr\u00e1cticas para educadores ocupados l Clase conectada","_seopress_titles_desc":"Cursos y v\u00eddeos digitales para profesores ocupados que quieren seguir aprendiendo conceptos, estrategias y mejores pr\u00e1cticas para aumentar el rendimiento de los alumnos.","_seopress_robots_index":"","_price":"","_stock":"","_tribe_ticket_header":"","_tribe_default_ticket_provider":"","_tribe_ticket_capacity":"0","_ticket_start_date":"","_ticket_end_date":"","_tribe_ticket_show_description":"","_tribe_ticket_show_not_going":false,"_tribe_ticket_use_global_stock":"","_tribe_ticket_global_stock_level":"","_global_stock_mode":"","_global_stock_cap":"","_tribe_rsvp_for_event":"","_tribe_ticket_going_count":"","_tribe_ticket_not_going_count":"","_tribe_tickets_list":"[]","_tribe_ticket_has_attendee_info_fields":false,"_themeisle_gutenberg_block_has_review":false,"footnotes":"","_tec_slr_enabled":"","_tec_slr_layout":""},"class_list":["post-39951","page","type-page","status-publish","hentry"],"jetpack_sharing_enabled":true,"ticketed":false,"_links":{"self":[{"href":"https:\/\/connectedclass.com\/es\/wp-json\/wp\/v2\/pages\/39951","targetHints":{"allow":["GET"]}}],"collection":[{"href":"https:\/\/connectedclass.com\/es\/wp-json\/wp\/v2\/pages"}],"about":[{"href":"https:\/\/connectedclass.com\/es\/wp-json\/wp\/v2\/types\/page"}],"author":[{"embeddable":true,"href":"https:\/\/connectedclass.com\/es\/wp-json\/wp\/v2\/users\/2"}],"replies":[{"embeddable":true,"href":"https:\/\/connectedclass.com\/es\/wp-json\/wp\/v2\/comments?post=39951"}],"version-history":[{"count":0,"href":"https:\/\/connectedclass.com\/es\/wp-json\/wp\/v2\/pages\/39951\/revisions"}],"wp:attachment":[{"href":"https:\/\/connectedclass.com\/es\/wp-json\/wp\/v2\/media?parent=39951"}],"curies":[{"name":"wp","href":"https:\/\/api.w.org\/{rel}","templated":true}]}}