{"id":39960,"date":"2023-08-23T14:43:07","date_gmt":"2023-08-23T18:43:07","guid":{"rendered":"https:\/\/connectedclass.com\/target-addend\/"},"modified":"2023-08-23T14:47:52","modified_gmt":"2023-08-23T18:47:52","slug":"target-addend","status":"publish","type":"page","link":"https:\/\/connectedclass.com\/es\/target-addend\/","title":{"rendered":"Target Addend"},"content":{"rendered":"<p><div class=\"fusion-fullwidth fullwidth-box fusion-builder-row-1 nonhundred-percent-fullwidth non-hundred-percent-height-scrolling\" style=\"--awb-border-radius-top-left:0px;--awb-border-radius-top-right:0px;--awb-border-radius-bottom-right:0px;--awb-border-radius-bottom-left:0px;--awb-flex-wrap:wrap;\" ><div class=\"fusion-builder-row fusion-row\"><div class=\"fusion-layout-column fusion_builder_column fusion-builder-column-0 fusion_builder_column_1_1 1_1 fusion-one-full fusion-column-first fusion-column-last\" style=\"--awb-bg-size:cover;\"><div class=\"fusion-column-wrapper fusion-flex-column-wrapper-legacy\"><div class=\"fusion-text fusion-text-1\"><h1 style=\"text-align: center;\"><strong>Programa Target Addend: Programa para dominar las operaciones b\u00e1sicas de adici\u00f3n<\/strong><\/h1>\n<p>\u00bfTienes alumnos que necesitan dominar las operaciones b\u00e1sicas de suma? Hemos esbozado un programa f\u00e1cil de usar que utiliza juegos pr\u00e1cticos creativos a trav\u00e9s de v\u00eddeos de Learning Link para aumentar la precisi\u00f3n y la velocidad de las sumas hasta 20. El objetivo de Learning Link by Connected Class es crear asociaciones entre el aula y el entorno familiar. Puede utilizar los v\u00eddeos en el aula y luego enviarlos a casa a las familias para que practiquen m\u00e1s con nuestra plataforma f\u00e1cil de usar. Este programa le permite diferenciar en funci\u00f3n de las necesidades y centrarse en sumas espec\u00edficas para aumentar la fluidez matem\u00e1tica.<\/p>\n<p>El programa Target Addend viene con todos los formularios, cuestionarios, hojas de respuestas y comunicaci\u00f3n con los padres que necesitas para tener \u00e9xito. (Todos los recursos est\u00e1n enlazados m\u00e1s abajo, en la secci\u00f3n Materiales proporcionados). Es r\u00e1pido y f\u00e1cil de utilizar para el educador ocupado y, por lo general, s\u00f3lo requiere 10 minutos a la semana de tiempo de instrucci\u00f3n. Comienza dando a los estudiantes un inventario de preevaluaci\u00f3n para determinar las adiciones en las que cada estudiante necesita centrarse primero. Usted determinar\u00e1 el camino que seguir\u00e1 cada alumno y har\u00e1 un seguimiento de su progreso utilizando la Hoja de registro del inventario de Dominio de la suma. Cada lunes los alumnos realizar\u00e1n un cuestionario de un minuto (Versi\u00f3n A) en funci\u00f3n de sus necesidades individuales y seguir sus propios progresos. Tendr\u00e1n una semana para dominar ese sumando jugando en casa con su familia al juego Target Addend Learning Link durante al menos cinco minutos cada noche. Los padres rubricar\u00e1n cada semana la cantidad de tiempo que ha jugado su hijo. El viernes, los alumnos realizar\u00e1n el cuestionario de un minuto (Versi\u00f3n B) y hacer un seguimiento de su rendimiento. Si aprueban, la semana siguiente se centrar\u00e1n en la siguiente adici\u00f3n objetivo. Una vez que los alumnos dominen las sumas hasta 10, realizar\u00e1n el inventario posterior a la evaluaci\u00f3n y lo comparar\u00e1n con la evaluaci\u00f3n previa. Si han obtenido precisi\u00f3n pero su velocidad debe aumentar, existe un programa de ampliaci\u00f3n que se describe a continuaci\u00f3n con formularios de apoyo y evaluaciones adicionales. Los alumnos obtendr\u00e1n un certificado cuando dominen todas las operaciones b\u00e1sicas de suma. La duraci\u00f3n de este programa variar\u00e1 en semanas necesarias en funci\u00f3n del rendimiento individual del alumno. Este programa puede integrarse en el bloque de matem\u00e1ticas diario o en el tiempo de centro. Si tiene alumnos acelerados, desaf\u00edelos con v\u00eddeos adicionales de <a href=\"https:\/\/connectedclass.com\/es\/learning-link-category\/math-es\/\" target=\"_blank\" rel=\"noopener noreferrer\">Learning Link<\/a> acordes con su nivel acad\u00e9mico.<\/p>\n<p>A continuaci\u00f3n le ofrecemos los detalles del programa y enlaces a todos los recursos que necesitar\u00e1.<\/p>\n<\/div><div class=\"fusion-text fusion-text-2\"><h1>Objetivo Addend: V\u00eddeo para este programa<\/h1>\n<\/div><div class=\"fusion-video fusion-vimeo\" style=\"--awb-max-width:600px;--awb-max-height:360px;\"><div class=\"video-shortcode\"><div class=\"fluid-width-video-wrapper\" style=\"padding-top:60%;\" ><iframe title=\"Vimeo video player 1\" src=\"https:\/\/player.vimeo.com\/video\/438289973?autoplay=0&amp;autopause=0\" width=\"600\" height=\"360\" allowfullscreen allow=\"autoplay; fullscreen\"><\/iframe><\/div><\/div><\/div><div class=\"fusion-text fusion-text-3\"><h1><strong><em>Materiales proporcionados<\/em><\/strong><\/h1>\n<\/div><div class=\"fusion-clearfix\"><\/div><\/div><\/div><\/div><\/div><div class=\"fusion-fullwidth fullwidth-box fusion-builder-row-2 nonhundred-percent-fullwidth non-hundred-percent-height-scrolling\" style=\"--awb-border-radius-top-left:0px;--awb-border-radius-top-right:0px;--awb-border-radius-bottom-right:0px;--awb-border-radius-bottom-left:0px;--awb-flex-wrap:wrap;\" ><div class=\"fusion-builder-row fusion-row\"><div class=\"fusion-layout-column fusion_builder_column fusion-builder-column-1 fusion_builder_column_1_2 1_2 fusion-one-half fusion-column-first\" style=\"--awb-bg-size:cover;width:50%;width:calc(50% - ( ( 4% ) * 0.5 ) );margin-right: 4%;\"><div class=\"fusion-column-wrapper fusion-column-has-shadow fusion-flex-column-wrapper-legacy\"><div class=\"fusion-text fusion-text-4\"><p><a href=\"https:\/\/connectedclass.com\/wp-content\/uploads\/2020\/09\/Addition-0-10-Pre-Assessment-Inventory.pdf\">Inventario de preevaluaci\u00f3n de adici\u00f3n 0-10<\/a> (PDF)<\/p>\n<p><a href=\"https:\/\/connectedclass.com\/wp-content\/uploads\/2020\/09\/Addition-0-10-Post-Assessment-Inventory.pdf\">Inventario posterior a la evaluaci\u00f3n de la adici\u00f3n 0-10<\/a> (PDF)<\/p>\n<p><a href=\"https:\/\/connectedclass.com\/wp-content\/uploads\/2020\/09\/Mastering-Addition-Inventory-Record-Sheet.pdf\">Hoja de registro del inventario de Mastering Addition<\/a> (PDF)<\/p>\n<p><a href=\"https:\/\/connectedclass.com\/wp-content\/uploads\/2020\/11\/Addition-Facts-Class-Tracking-Form.xlsx\">Formulario de seguimiento de la clase de Hechos sobre la adici\u00f3n<\/a> (Excel)<\/p>\n<p><a href=\"https:\/\/connectedclass.com\/wp-content\/uploads\/2020\/09\/My-Addition-Facts-Progress-Page.pdf\">Mi p\u00e1gina de progreso de Suma<\/a> (PDF)<\/p>\n<p><a href=\"https:\/\/connectedclass.com\/wp-content\/uploads\/2020\/09\/Target-Addend-Addition-Facts-Assessments.pdf\">Cuestionario de sumas <\/a>(PDF)<\/p>\n<\/div><div class=\"fusion-clearfix\"><\/div><\/div><\/div><div class=\"fusion-layout-column fusion_builder_column fusion-builder-column-2 fusion_builder_column_1_2 1_2 fusion-one-half fusion-column-last\" style=\"--awb-bg-size:cover;width:50%;width:calc(50% - ( ( 4% ) * 0.5 ) );\"><div class=\"fusion-column-wrapper fusion-column-has-shadow fusion-flex-column-wrapper-legacy\"><div class=\"fusion-text fusion-text-5\"><p><a href=\"https:\/\/connectedclass.com\/wp-content\/uploads\/2020\/09\/Target-Addend-Parent-Letter.docx\">Target Addend Parent Letter<\/a> (Word)<\/p>\n<p><a href=\"https:\/\/connectedclass.com\/wp-content\/uploads\/2020\/09\/Target-Addend-At-Home-Practice-Sheet.pdf\">Hoja de pr\u00e1ctica en casa de Target Addend <\/a>(PDF)<\/p>\n<p><a href=\"https:\/\/connectedclass.com\/wp-content\/uploads\/2020\/09\/Target-Addend-Addition-Facts-Assessments.pdf\">Suma 0-10 Cuestionarios A-D para las extensiones<\/a> (PDF)<\/p>\n<p><a href=\"https:\/\/connectedclass.com\/wp-content\/uploads\/2020\/09\/Addition-Extension-At-Home-Practice-Sheet.pdf\">Hoja de pr\u00e1ctica en casa de la ampliaci\u00f3n de la suma<\/a> (PDF)<\/p>\n<p><a href=\"https:\/\/connectedclass.com\/wp-content\/uploads\/2020\/09\/Target-Addend-Mastering-Basic-Addition-Facts-Program-Certificate-1.pdf\">Certificado de dominio de la suma<\/a> (PDF)<\/p>\n<\/div><div class=\"fusion-clearfix\"><\/div><\/div><\/div><\/div><\/div><div class=\"fusion-fullwidth fullwidth-box fusion-builder-row-3 nonhundred-percent-fullwidth non-hundred-percent-height-scrolling\" style=\"--awb-border-radius-top-left:0px;--awb-border-radius-top-right:0px;--awb-border-radius-bottom-right:0px;--awb-border-radius-bottom-left:0px;--awb-flex-wrap:wrap;\" ><div class=\"fusion-builder-row fusion-row\"><div class=\"fusion-layout-column fusion_builder_column fusion-builder-column-3 fusion_builder_column_1_1 1_1 fusion-one-full fusion-column-first fusion-column-last\" style=\"--awb-bg-size:cover;\"><div class=\"fusion-column-wrapper fusion-column-has-shadow fusion-flex-column-wrapper-legacy\"><div class=\"fusion-sep-clear\"><\/div><div class=\"fusion-separator fusion-full-width-sep\" style=\"margin-left: auto;margin-right: auto;margin-top:10px;margin-bottom:10px;width:100%;\"><div class=\"fusion-separator-border sep-single sep-solid\" style=\"--awb-height:20px;--awb-amount:20px;border-color:#e0dede;border-top-width:3px;\"><\/div><\/div><div class=\"fusion-sep-clear\"><\/div><div class=\"fusion-text fusion-text-6\"><h1><strong><em>C\u00f3mo utilizar el programa:<\/em><\/strong><\/h1>\n<p><strong><em>Primeros pasos<\/em><\/strong><\/p>\n<ol>\n<li>Entregue a los alumnos el <u><br \/>\n  <a href=\"https:\/\/connectedclass.com\/wp-content\/uploads\/2020\/09\/Addition-0-10-Pre-Assessment-Inventory.pdf\">Inventario de preevaluaci\u00f3n de Suma 0-10<\/a><br \/>\n<\/u><\/li>\n<li>Conceda a cada alumno el tiempo que necesite para realizar la prueba y anote su tiempo y puntuaci\u00f3n en la <a href=\"https:\/\/connectedclass.com\/wp-content\/uploads\/2020\/09\/Mastering-Addition-Inventory-Record-Sheet.pdf\">Hoja de registro del Inventario de Dominio de la Suma.<\/a><\/li>\n<\/ol>\n<p><strong><em> <\/em><\/strong><\/p>\n<p><strong><em>Asignaci\u00f3n de alumnos en funci\u00f3n de las necesidades<\/em><\/strong><\/p>\n<ol>\n<li>Determina el sumando con el que debe empezar cada alumno:\n<ol>\n<li>Por ejemplo, el alumno A acert\u00f3 todas las sumas de ceros a tres, pero usted observ\u00f3 que empezaba a sumar mal cuando llegaba a los cuatros. Ese alumno tendr\u00eda que empezar su programa de dominio individual con los cuatros.<\/li>\n<li>Por ejemplo, el Alumno B domin\u00f3 todos los datos en el tiempo que usted determin\u00f3 como exitoso para su nivel de grado. Est\u00e1n preparados para un concepto m\u00e1s desafiante en su plan de estudios. Echa un vistazo a otros v\u00eddeos de Learning Link Math para retar a estos alumnos.<\/li>\n<\/ol>\n<\/li>\n<li>Una vez que haya determinado la colocaci\u00f3n de cada alumno:\n<ol>\n<li>Haz el test de los sumandos del nivel identificado para ver cu\u00e1ntos aciertan en un minuto.<\/li>\n<li>Pida al alumno que anote el n\u00famero de problemas correctos en la <a href=\"https:\/\/connectedclass.com\/wp-content\/uploads\/2020\/09\/My-Addition-Facts-Progress-Page.pdf\">p\u00e1gina de progreso Mis operaciones de suma.<\/a><\/li>\n<li>Registre el rendimiento de sus alumnos en el <a href=\"https:\/\/connectedclass.com\/wp-content\/uploads\/2020\/11\/Addition-Facts-Class-Tracking-Form.xlsx\">Formulario de seguimiento de la clase de operaciones de suma<\/a>.<\/li>\n<li>La primera semana se enviar\u00e1 a casa la <a href=\"https:\/\/connectedclass.com\/wp-content\/uploads\/2020\/09\/Target-Addend-Parent-Letter.docx\">Carta para Padres de<\/a> Target Addend en la que se explica el programa y se pide a los padres que jueguen con su hijo al juego Target Addend Learning Link. Tambi\u00e9n enviar\u00e1 a casa la <a href=\"https:\/\/connectedclass.com\/wp-content\/uploads\/2020\/09\/Target-Addend-At-Home-Practice-Sheet.pdf\">Hoja de pr\u00e1ctica en casa de la adenda objetivo<\/a> para anotar el tiempo dedicado a jugar cada tarde. Los padres devolver\u00e1n el formulario con su firma cada viernes.<\/li>\n<li>Lo ideal es que los alumnos jueguen a Target Addend durante al menos 5 minutos en casa cada noche.<\/li>\n<li>El viernes, entregue a los alumnos el postest para su sumando identificado. Los <a href=\"https:\/\/connectedclass.com\/wp-content\/uploads\/2020\/09\/Target-Addend-Addition-Facts-Assessments.pdf\">cuestionarios <\/a>est\u00e1n a su disposici\u00f3n en la secci\u00f3n Recursos para el profesor de Learning Link en Connected Class. Si los alumnos aprueban, la semana siguiente trabajar\u00e1n con el siguiente sumando objetivo. Si no aprueban, volver\u00e1n a repetir la misma adenda objetivo.<\/li>\n<li>Identifique la adici\u00f3n objetivo para la semana siguiente y an\u00f3tela en la <a href=\"https:\/\/connectedclass.com\/wp-content\/uploads\/2020\/09\/Target-Addend-At-Home-Practice-Sheet.pdf\">hoja de pr\u00e1ctica en casa<\/a> de cada alumno.<\/li>\n<li>Repite este proceso con cada alumno hasta que domine todas las operaciones de suma hasta 20.<\/li>\n<li>Una vez que hayan dominado todas las operaciones, p\u00eddales que realicen el <a href=\"https:\/\/connectedclass.com\/wp-content\/uploads\/2020\/09\/Addition-0-10-Post-Assessment-Inventory.pdf\">Inventario de evaluaci\u00f3n posterior de Suma 0-10<\/a> para evaluar su velocidad. En este punto, deber\u00edan tener una precisi\u00f3n del 100%, pero es posible que necesiten m\u00e1s pr\u00e1ctica para aumentar su velocidad. Usted determinar\u00e1 el objetivo del n\u00famero de problemas correctos por minuto en funci\u00f3n de su nivel escolar. Si los alumnos tienen dificultades con la velocidad, p\u00eddales que vayan a la ampliaci\u00f3n del programa que aparece a continuaci\u00f3n. Si dominan la precisi\u00f3n y la velocidad, entr\u00e9gales el <a href=\"https:\/\/connectedclass.com\/wp-content\/uploads\/2020\/09\/Target-Addend-Mastering-Basic-Addition-Facts-Program-Certificate.pdf\">Certificado de dominio de la suma<\/a>.<\/li>\n<\/ol>\n<\/li>\n<\/ol>\n<\/div><div class=\"fusion-text fusion-text-7\"><h1><strong><em>Ampliaci\u00f3n del programa  <\/em><\/strong><\/h1>\n<p>Si tus alumnos necesitan acelerar el aprendizaje de las operaciones b\u00e1sicas, haz que jueguen <a href=\"https:\/\/connectedclass.com\/es\/learninglink\/guerra-de-sumas\/\" target=\"_blank\" rel=\"noopener noreferrer\">a la guerra de sumas<\/a>. Puede utilizar la <a href=\"https:\/\/connectedclass.com\/wp-content\/uploads\/2020\/09\/Addition-Extension-At-Home-Practice-Sheet.pdf\">Hoja de pr\u00e1ctica en casa de la Ampliaci\u00f3n de Suma<\/a> para controlar el tiempo que los alumnos juegan en casa con sus familias. Utilice los <a href=\"https:\/\/connectedclass.com\/wp-content\/uploads\/2020\/09\/Target-Addend-Addition-Facts-Assessments.pdf\">cuestionarios A-D de Suma 0-10<\/a> para una evaluaci\u00f3n adicional. Una vez que el alumno haya alcanzado el objetivo predeterminado, entr\u00e9guele el <a href=\"https:\/\/connectedclass.com\/wp-content\/uploads\/2020\/09\/Target-Addend-Mastering-Basic-Addition-Facts-Program-Certificate-1.pdf\">Certificado de dominio de la suma<\/a>. Peri\u00f3dicamente, haga que los alumnos jueguen a <a href=\"https:\/\/connectedclass.com\/es\/learninglink\/guerra-de-sumas\/\" target=\"_blank\" rel=\"noopener noreferrer\">la Guerra de sumas<\/a> para mantener su precisi\u00f3n y velocidad.<\/p>\n<\/div><div class=\"fusion-aligncenter\"><a class=\"fusion-button button-flat fusion-button-default-size button-default fusion-button-default button-1 fusion-button-default-span fusion-button-default-type\" target=\"_blank\" rel=\"noopener noreferrer\" href=\"https:\/\/connectedclass.com\/wp-content\/uploads\/2020\/11\/Target-Addend_-Mastering-Basic-Addition-Facts-Program-.pdf\"><span class=\"fusion-button-text awb-button__text awb-button__text--default\">Programa descargable <\/span><\/a><\/div><div class=\"fusion-clearfix\"><\/div><\/div><\/div><\/div><\/div><\/p>\n","protected":false},"excerpt":{"rendered":"","protected":false},"author":2,"featured_media":0,"parent":0,"menu_order":0,"comment_status":"closed","ping_status":"closed","template":"","meta":{"_seopress_robots_primary_cat":"","_seopress_titles_title":"","_seopress_titles_desc":"","_seopress_robots_index":"","_price":"","_stock":"","_tribe_ticket_header":"","_tribe_default_ticket_provider":"","_tribe_ticket_capacity":"0","_ticket_start_date":"","_ticket_end_date":"","_tribe_ticket_show_description":"","_tribe_ticket_show_not_going":false,"_tribe_ticket_use_global_stock":"","_tribe_ticket_global_stock_level":"","_global_stock_mode":"","_global_stock_cap":"","_tribe_rsvp_for_event":"","_tribe_ticket_going_count":"","_tribe_ticket_not_going_count":"","_tribe_tickets_list":"[]","_tribe_ticket_has_attendee_info_fields":false,"_themeisle_gutenberg_block_has_review":false,"footnotes":"","_tec_slr_enabled":"","_tec_slr_layout":""},"class_list":["post-39960","page","type-page","status-publish","hentry"],"jetpack_sharing_enabled":true,"ticketed":false,"_links":{"self":[{"href":"https:\/\/connectedclass.com\/es\/wp-json\/wp\/v2\/pages\/39960","targetHints":{"allow":["GET"]}}],"collection":[{"href":"https:\/\/connectedclass.com\/es\/wp-json\/wp\/v2\/pages"}],"about":[{"href":"https:\/\/connectedclass.com\/es\/wp-json\/wp\/v2\/types\/page"}],"author":[{"embeddable":true,"href":"https:\/\/connectedclass.com\/es\/wp-json\/wp\/v2\/users\/2"}],"replies":[{"embeddable":true,"href":"https:\/\/connectedclass.com\/es\/wp-json\/wp\/v2\/comments?post=39960"}],"version-history":[{"count":0,"href":"https:\/\/connectedclass.com\/es\/wp-json\/wp\/v2\/pages\/39960\/revisions"}],"wp:attachment":[{"href":"https:\/\/connectedclass.com\/es\/wp-json\/wp\/v2\/media?parent=39960"}],"curies":[{"name":"wp","href":"https:\/\/api.w.org\/{rel}","templated":true}]}}