{"id":39966,"date":"2023-08-23T14:46:16","date_gmt":"2023-08-23T18:46:16","guid":{"rendered":"https:\/\/connectedclass.com\/servicios-de-la-sala-de-recursos\/"},"modified":"2023-08-23T14:46:22","modified_gmt":"2023-08-23T18:46:22","slug":"servicios-de-la-sala-de-recursos","status":"publish","type":"page","link":"https:\/\/connectedclass.com\/es\/servicios-de-la-sala-de-recursos\/","title":{"rendered":"Servicios de la Sala de Recursos"},"content":{"rendered":"<div class=\"fusion-fullwidth fullwidth-box fusion-builder-row-1 nonhundred-percent-fullwidth non-hundred-percent-height-scrolling\" style=\"--awb-border-radius-top-left:0px;--awb-border-radius-top-right:0px;--awb-border-radius-bottom-right:0px;--awb-border-radius-bottom-left:0px;--awb-flex-wrap:wrap;\" ><div class=\"fusion-builder-row fusion-row\"><div class=\"fusion-layout-column fusion_builder_column fusion-builder-column-0 fusion_builder_column_2_3 2_3 fusion-two-third fusion-column-first\" style=\"--awb-bg-size:cover;--awb-margin-bottom:0px;width:66.666666666667%;width:calc(66.666666666667% - ( ( 4% ) * 0.66666666666667 ) );margin-right: 4%;\"><div class=\"fusion-column-wrapper fusion-flex-column-wrapper-legacy\"><div class=\"fusion-title title fusion-title-1 fusion-sep-none fusion-title-text fusion-title-size-one\" style=\"--awb-margin-bottom:0px;--awb-margin-top-small:0px;--awb-margin-right-small:0px;--awb-margin-bottom-small:20px;--awb-margin-left-small:0px;\"><h1 class=\"fusion-title-heading title-heading-left\" style=\"margin:0;\"><p style=\"text-align: center;\">Recursos que todo profesor necesita<br \/>\n<img decoding=\"async\" class=\"alignnone size-full wp-image-194\" src=\"https:\/\/connectedclass.com\/wp-content\/uploads\/2019\/03\/title-underline.jpg\" alt=\"\" width=\"102\" height=\"4\" srcset=\"https:\/\/connectedclass.com\/wp-content\/uploads\/2019\/03\/title-underline-66x4.jpg 66w, https:\/\/connectedclass.com\/wp-content\/uploads\/2019\/03\/title-underline-100x4.jpg 100w, https:\/\/connectedclass.com\/wp-content\/uploads\/2019\/03\/title-underline.jpg 102w\" sizes=\"(max-width: 102px) 100vw, 102px\" \/><\/p><\/h1><\/div><div class=\"fusion-text fusion-text-1\"><p>Educadores, \u00bfpasan ustedes horas interminables buscando recursos para mejorar el rendimiento de sus alumnos? \u00bfLe gustar\u00eda disponer de un lugar donde encontrar temas de actualidad y material gratuito para su clase?<\/p>\n<p>Resource Room by Connected Class es un foro en el que se pueden buscar recursos de todas las \u00e1reas de contenido y niveles escolares. La misi\u00f3n de esta plataforma en l\u00ednea es proporcionar al atareado educador soluciones innovadoras a los retos cotidianos del aula de una manera r\u00e1pida y eficaz. Aqu\u00ed en Connected Class localizamos art\u00edculos profesionales para apoyar el crecimiento continuo de los educadores, encontramos recursos en l\u00ednea que son \u00fatiles en su aula, as\u00ed como proporcionamos productos desarrollados por nuestros propios educadores en Connected Class.<\/p>\n<h2>Lectura<\/h2>\n<p>Todos los alumnos necesitan ser buenos lectores. El Aula de Recursos se divide en tres niveles: primaria, intermedia y secundaria. Cada grado ofrece numerosos recursos de literatura y textos informativos. Las franjas de K-2 y 3-5 grados incluyen puestos para las destrezas fundamentales.<\/p>\n<h2>Matem\u00e1ticas<\/h2>\n<p>Multiplique el n\u00famero de recursos a su alcance para la ense\u00f1anza de habilidades matem\u00e1ticas buscando entre todos los \u00e1mbitos organizados por tres franjas de grados diferentes: primaria, intermedia y secundaria.<\/p>\n<h2>STEM<\/h2>\n<p>La integraci\u00f3n de Ciencia-Tecnolog\u00eda-Ingenier\u00eda-Matem\u00e1ticas ha animado a los educadores a crear formas m\u00e1s emprendedoras de presentar la materia y atraer a los alumnos. Nuestra Sala de Recursos de Clases Conectadas dispone de herramientas para incorporar las destrezas de cada disciplina en actividades que presentan los conceptos de forma revolucionaria para que los alumnos los retengan.<\/p>\n<h2>Estudiantes del T\u00edtulo I<\/h2>\n<p>Nuestra Sala de Recursos dispone de una variedad de puestos para ayudar a los alumnos con m\u00e1s dificultades y a los ni\u00f1os que necesitan apoyo acad\u00e9mico adicional. Los usuarios encontrar\u00e1n recursos de lectura y matem\u00e1ticas con estrategias basadas en la investigaci\u00f3n para utilizar con los alumnos del T\u00edtulo I.<\/p>\n<h2>Participaci\u00f3n de padres y familias<\/h2>\n<p>Se ha demostrado que la implicaci\u00f3n de la familia influye enormemente en el \u00e9xito del aprendizaje del ni\u00f1o. El Aula de Recursos de la Clase Conectada tiene componentes que aumentan la comunicaci\u00f3n y el compromiso entre padres y profesores, y capacitan a los padres para continuar el entorno educativo m\u00e1s all\u00e1 de las paredes de la escuela.<\/p>\n<h2>Gesti\u00f3n del aula<\/h2>\n<p>Incluso el educador experimentado podr\u00eda utilizar estrategias para gestionar las aulas de hoy en d\u00eda. El Aula de Recursos de Clases Conectadas cuenta con t\u00e9cnicas que han demostrado maximizar el tiempo de instrucci\u00f3n y minimizar las distracciones y las interrupciones en el aula.<\/p>\n<\/div><div class=\"fusion-clearfix\"><\/div><\/div><\/div><div class=\"fusion-layout-column fusion_builder_column fusion-builder-column-1 fusion_builder_column_1_3 1_3 fusion-one-third fusion-column-last\" style=\"--awb-bg-size:cover;width:33.333333333333%;width:calc(33.333333333333% - ( ( 4% ) * 0.33333333333333 ) );\"><div class=\"fusion-column-wrapper fusion-flex-column-wrapper-legacy\"><div class=\"fusion-sep-clear\"><\/div><div class=\"fusion-separator fusion-full-width-sep\" style=\"margin-left: auto;margin-right: auto;margin-top:10px;margin-bottom:10px;width:100%;\"><div class=\"fusion-separator-border sep-single\" style=\"--awb-height:20px;--awb-amount:20px;border-color:#e0dede;border-top-width:0px;\"><\/div><\/div><div class=\"fusion-sep-clear\"><\/div><div class=\"fusion-image-element fusion-image-align-center in-legacy-container\" style=\"text-align:center;--awb-caption-title-font-family:var(--h2_typography-font-family);--awb-caption-title-font-weight:var(--h2_typography-font-weight);--awb-caption-title-font-style:var(--h2_typography-font-style);--awb-caption-title-size:var(--h2_typography-font-size);--awb-caption-title-transform:var(--h2_typography-text-transform);--awb-caption-title-line-height:var(--h2_typography-line-height);--awb-caption-title-letter-spacing:var(--h2_typography-letter-spacing);\"><div class=\"imageframe-align-center\"><span class=\" fusion-imageframe imageframe-none imageframe-1 hover-type-zoomin\"><a class=\"fusion-no-lightbox\" href=\"\/on-site-professional-development-services\/\" target=\"_self\" aria-label=\"sidebar-Professional-Learning\"><img decoding=\"async\" width=\"301\" height=\"151\" alt=\"Professional Learning Button\" src=\"https:\/\/connectedclass.com\/wp-content\/uploads\/sidebar-Professional-Learning.jpg\" class=\"img-responsive wp-image-87649\" srcset=\"https:\/\/connectedclass.com\/wp-content\/uploads\/sidebar-Professional-Learning-200x100.jpg 200w, https:\/\/connectedclass.com\/wp-content\/uploads\/sidebar-Professional-Learning.jpg 301w\" sizes=\"(max-width: 800px) 100vw, 301px\" \/><\/a><\/span><\/div><\/div><div class=\"fusion-sep-clear\"><\/div><div class=\"fusion-separator fusion-full-width-sep\" style=\"margin-left: auto;margin-right: auto;margin-top:10px;margin-bottom:10px;width:100%;\"><div class=\"fusion-separator-border sep-single\" style=\"--awb-height:20px;--awb-amount:20px;border-color:#e0dede;border-top-width:0px;\"><\/div><\/div><div class=\"fusion-sep-clear\"><\/div><div class=\"fusion-image-element fusion-image-align-center in-legacy-container\" style=\"text-align:center;--awb-caption-title-font-family:var(--h2_typography-font-family);--awb-caption-title-font-weight:var(--h2_typography-font-weight);--awb-caption-title-font-style:var(--h2_typography-font-style);--awb-caption-title-size:var(--h2_typography-font-size);--awb-caption-title-transform:var(--h2_typography-text-transform);--awb-caption-title-line-height:var(--h2_typography-line-height);--awb-caption-title-letter-spacing:var(--h2_typography-letter-spacing);\"><div class=\"imageframe-align-center\"><span class=\" fusion-imageframe imageframe-none imageframe-2 hover-type-zoomin\"><a class=\"fusion-no-lightbox\" href=\"\/direct-connect-services\/\" target=\"_self\" aria-label=\"ourservices-sidebar-DirectConnect\"><img decoding=\"async\" width=\"301\" height=\"150\" alt=\"Direct Connect Button\" src=\"https:\/\/connectedclass.com\/wp-content\/uploads\/2019\/03\/ourservices-sidebar-DirectConnect-1.jpg\" class=\"img-responsive wp-image-3167\" srcset=\"https:\/\/connectedclass.com\/wp-content\/uploads\/2019\/03\/ourservices-sidebar-DirectConnect-1-200x100.jpg 200w, https:\/\/connectedclass.com\/wp-content\/uploads\/2019\/03\/ourservices-sidebar-DirectConnect-1.jpg 301w\" sizes=\"(max-width: 800px) 100vw, 301px\" \/><\/a><\/span><\/div><\/div><div class=\"fusion-sep-clear\"><\/div><div class=\"fusion-separator fusion-full-width-sep\" style=\"margin-left: auto;margin-right: auto;margin-top:10px;margin-bottom:10px;width:100%;\"><div class=\"fusion-separator-border sep-single\" style=\"--awb-height:20px;--awb-amount:20px;border-color:#e0dede;border-top-width:0px;\"><\/div><\/div><div class=\"fusion-sep-clear\"><\/div><div class=\"fusion-image-element fusion-image-align-center in-legacy-container\" style=\"text-align:center;--awb-caption-title-font-family:var(--h2_typography-font-family);--awb-caption-title-font-weight:var(--h2_typography-font-weight);--awb-caption-title-font-style:var(--h2_typography-font-style);--awb-caption-title-size:var(--h2_typography-font-size);--awb-caption-title-transform:var(--h2_typography-text-transform);--awb-caption-title-line-height:var(--h2_typography-line-height);--awb-caption-title-letter-spacing:var(--h2_typography-letter-spacing);\"><div class=\"imageframe-align-center\"><span class=\" fusion-imageframe imageframe-none imageframe-3 hover-type-zoomin\"><a class=\"fusion-no-lightbox\" href=\"\/resource-room-services\/\" target=\"_self\" aria-label=\"ourservices-sidebar-resourceroom\"><img decoding=\"async\" width=\"301\" height=\"151\" alt=\"Learning Link Button\" src=\"https:\/\/connectedclass.com\/wp-content\/uploads\/2019\/03\/ourservices-sidebar-resourceroom.jpg\" class=\"img-responsive wp-image-3170\" srcset=\"https:\/\/connectedclass.com\/wp-content\/uploads\/2019\/03\/ourservices-sidebar-resourceroom-200x100.jpg 200w, https:\/\/connectedclass.com\/wp-content\/uploads\/2019\/03\/ourservices-sidebar-resourceroom.jpg 301w\" sizes=\"(max-width: 800px) 100vw, 301px\" \/><\/a><\/span><\/div><\/div><div class=\"fusion-sep-clear\"><\/div><div class=\"fusion-separator fusion-full-width-sep\" style=\"margin-left: auto;margin-right: auto;margin-top:10px;margin-bottom:10px;width:100%;\"><div class=\"fusion-separator-border sep-single\" style=\"--awb-height:20px;--awb-amount:20px;border-color:#e0dede;border-top-width:0px;\"><\/div><\/div><div class=\"fusion-sep-clear\"><\/div><div class=\"fusion-image-element fusion-image-align-center in-legacy-container\" style=\"text-align:center;--awb-caption-title-font-family:var(--h2_typography-font-family);--awb-caption-title-font-weight:var(--h2_typography-font-weight);--awb-caption-title-font-style:var(--h2_typography-font-style);--awb-caption-title-size:var(--h2_typography-font-size);--awb-caption-title-transform:var(--h2_typography-text-transform);--awb-caption-title-line-height:var(--h2_typography-line-height);--awb-caption-title-letter-spacing:var(--h2_typography-letter-spacing);\"><div class=\"imageframe-align-center\"><span class=\" fusion-imageframe imageframe-none imageframe-4 hover-type-zoomin\"><a class=\"fusion-no-lightbox\" href=\"\/learning-link-services\/\" target=\"_self\" aria-label=\"ourservices-sidebar-LearningLink\"><img decoding=\"async\" width=\"301\" height=\"150\" alt=\"Learning Link Button\" src=\"https:\/\/connectedclass.com\/wp-content\/uploads\/2019\/03\/ourservices-sidebar-LearningLink.jpg\" class=\"img-responsive wp-image-3168\" srcset=\"https:\/\/connectedclass.com\/wp-content\/uploads\/2019\/03\/ourservices-sidebar-LearningLink-200x100.jpg 200w, https:\/\/connectedclass.com\/wp-content\/uploads\/2019\/03\/ourservices-sidebar-LearningLink.jpg 301w\" sizes=\"(max-width: 800px) 100vw, 301px\" \/><\/a><\/span><\/div><\/div><div class=\"fusion-sep-clear\"><\/div><div class=\"fusion-separator fusion-full-width-sep\" style=\"margin-left: auto;margin-right: auto;margin-top:10px;margin-bottom:10px;width:100%;\"><div class=\"fusion-separator-border sep-single\" style=\"--awb-height:20px;--awb-amount:20px;border-color:#e0dede;border-top-width:0px;\"><\/div><\/div><div class=\"fusion-sep-clear\"><\/div><div class=\"fusion-image-element fusion-image-align-center in-legacy-container\" style=\"text-align:center;--awb-caption-title-font-family:var(--h2_typography-font-family);--awb-caption-title-font-weight:var(--h2_typography-font-weight);--awb-caption-title-font-style:var(--h2_typography-font-style);--awb-caption-title-size:var(--h2_typography-font-size);--awb-caption-title-transform:var(--h2_typography-text-transform);--awb-caption-title-line-height:var(--h2_typography-line-height);--awb-caption-title-letter-spacing:var(--h2_typography-letter-spacing);\"><div class=\"imageframe-align-center\"><span class=\" fusion-imageframe imageframe-none imageframe-5 hover-type-zoomin\"><a class=\"fusion-no-lightbox\" href=\"\/digital-safety-services\/\" target=\"_self\" aria-label=\"sidebar-digital-safety\"><img decoding=\"async\" width=\"301\" height=\"151\" alt=\"Digital Safety Button\" src=\"https:\/\/connectedclass.com\/wp-content\/uploads\/sidebar-digital-safety.jpg\" class=\"img-responsive wp-image-87651\" srcset=\"https:\/\/connectedclass.com\/wp-content\/uploads\/sidebar-digital-safety-200x100.jpg 200w, https:\/\/connectedclass.com\/wp-content\/uploads\/sidebar-digital-safety.jpg 301w\" sizes=\"(max-width: 800px) 100vw, 301px\" \/><\/a><\/span><\/div><\/div><div class=\"fusion-sep-clear\"><\/div><div class=\"fusion-separator fusion-full-width-sep\" style=\"margin-left: auto;margin-right: auto;margin-top:10px;margin-bottom:10px;width:100%;\"><div class=\"fusion-separator-border sep-single\" style=\"--awb-height:20px;--awb-amount:20px;border-color:#e0dede;border-top-width:0px;\"><\/div><\/div><div class=\"fusion-sep-clear\"><\/div><div class=\"fusion-image-element fusion-image-align-center in-legacy-container\" style=\"text-align:center;--awb-caption-title-font-family:var(--h2_typography-font-family);--awb-caption-title-font-weight:var(--h2_typography-font-weight);--awb-caption-title-font-style:var(--h2_typography-font-style);--awb-caption-title-size:var(--h2_typography-font-size);--awb-caption-title-transform:var(--h2_typography-text-transform);--awb-caption-title-line-height:var(--h2_typography-line-height);--awb-caption-title-letter-spacing:var(--h2_typography-letter-spacing);\"><div class=\"imageframe-align-center\"><span class=\" fusion-imageframe imageframe-none imageframe-6 hover-type-zoomin\"><a class=\"fusion-no-lightbox\" href=\" https:\/\/connectedclass.com\/summer-success-services\/\" target=\"_self\" aria-label=\"summer success services- update (1)\"><img decoding=\"async\" width=\"301\" height=\"150\" alt=\"Learning Link Button\" src=\"https:\/\/connectedclass.com\/wp-content\/uploads\/summer-success-services-update-1.png\" class=\"img-responsive wp-image-36101\" srcset=\"https:\/\/connectedclass.com\/wp-content\/uploads\/summer-success-services-update-1-200x100.png 200w, https:\/\/connectedclass.com\/wp-content\/uploads\/summer-success-services-update-1.png 301w\" sizes=\"(max-width: 800px) 100vw, 301px\" \/><\/a><\/span><\/div><\/div><div class=\"fusion-sep-clear\"><\/div><div class=\"fusion-separator fusion-full-width-sep\" style=\"margin-left: auto;margin-right: auto;margin-top:10px;margin-bottom:10px;width:100%;\"><div class=\"fusion-separator-border sep-single\" style=\"--awb-height:20px;--awb-amount:20px;border-color:#e0dede;border-top-width:0px;\"><\/div><\/div><div class=\"fusion-sep-clear\"><\/div><div class=\"fusion-image-element fusion-image-align-center in-legacy-container\" style=\"text-align:center;--awb-caption-title-font-family:var(--h2_typography-font-family);--awb-caption-title-font-weight:var(--h2_typography-font-weight);--awb-caption-title-font-style:var(--h2_typography-font-style);--awb-caption-title-size:var(--h2_typography-font-size);--awb-caption-title-transform:var(--h2_typography-text-transform);--awb-caption-title-line-height:var(--h2_typography-line-height);--awb-caption-title-letter-spacing:var(--h2_typography-letter-spacing);\"><div class=\"imageframe-align-center\"><span class=\" fusion-imageframe imageframe-none imageframe-7 hover-type-zoomin\"><a class=\"fusion-no-lightbox\" href=\"https:\/\/connectedclass.com\/live-demo\/\" target=\"_self\" aria-label=\"SCHEDULE DEMO button\"><img decoding=\"async\" width=\"300\" height=\"100\" alt=\"Schedule A Demo Button\" src=\"https:\/\/connectedclass.com\/wp-content\/uploads\/SCHEDULE-DEMO-button.jpg\" class=\"img-responsive wp-image-97543\" srcset=\"https:\/\/connectedclass.com\/wp-content\/uploads\/SCHEDULE-DEMO-button-200x67.jpg 200w, https:\/\/connectedclass.com\/wp-content\/uploads\/SCHEDULE-DEMO-button.jpg 300w\" sizes=\"(max-width: 800px) 100vw, 300px\" \/><\/a><\/span><\/div><\/div><div class=\"fusion-clearfix\"><\/div><\/div><\/div>\n<\/div><\/div>\n","protected":false},"excerpt":{"rendered":"","protected":false},"author":2,"featured_media":0,"parent":0,"menu_order":0,"comment_status":"closed","ping_status":"closed","template":"","meta":{"_seopress_robots_primary_cat":"","_seopress_titles_title":"Recursos espec\u00edficos para educadores l Connected Class","_seopress_titles_desc":"Connected Class proporciona un foro en la Sala de Recursos que ofrece soluciones creativas a los retos habituales de las aulas.","_seopress_robots_index":"","_price":"","_stock":"","_tribe_ticket_header":"","_tribe_default_ticket_provider":"","_tribe_ticket_capacity":"0","_ticket_start_date":"","_ticket_end_date":"","_tribe_ticket_show_description":"","_tribe_ticket_show_not_going":false,"_tribe_ticket_use_global_stock":"","_tribe_ticket_global_stock_level":"","_global_stock_mode":"","_global_stock_cap":"","_tribe_rsvp_for_event":"","_tribe_ticket_going_count":"","_tribe_ticket_not_going_count":"","_tribe_tickets_list":"[]","_tribe_ticket_has_attendee_info_fields":false,"_themeisle_gutenberg_block_has_review":false,"footnotes":"","_tec_slr_enabled":"","_tec_slr_layout":""},"class_list":["post-39966","page","type-page","status-publish","hentry"],"jetpack_sharing_enabled":true,"ticketed":false,"_links":{"self":[{"href":"https:\/\/connectedclass.com\/es\/wp-json\/wp\/v2\/pages\/39966","targetHints":{"allow":["GET"]}}],"collection":[{"href":"https:\/\/connectedclass.com\/es\/wp-json\/wp\/v2\/pages"}],"about":[{"href":"https:\/\/connectedclass.com\/es\/wp-json\/wp\/v2\/types\/page"}],"author":[{"embeddable":true,"href":"https:\/\/connectedclass.com\/es\/wp-json\/wp\/v2\/users\/2"}],"replies":[{"embeddable":true,"href":"https:\/\/connectedclass.com\/es\/wp-json\/wp\/v2\/comments?post=39966"}],"version-history":[{"count":0,"href":"https:\/\/connectedclass.com\/es\/wp-json\/wp\/v2\/pages\/39966\/revisions"}],"wp:attachment":[{"href":"https:\/\/connectedclass.com\/es\/wp-json\/wp\/v2\/media?parent=39966"}],"curies":[{"name":"wp","href":"https:\/\/api.w.org\/{rel}","templated":true}]}}