{"id":39976,"date":"2023-08-23T14:46:52","date_gmt":"2023-08-23T18:46:52","guid":{"rendered":"https:\/\/connectedclass.com\/padres\/"},"modified":"2023-08-23T14:46:58","modified_gmt":"2023-08-23T18:46:58","slug":"padres","status":"publish","type":"page","link":"https:\/\/connectedclass.com\/es\/padres\/","title":{"rendered":"Padres"},"content":{"rendered":"<div class=\"fusion-fullwidth fullwidth-box fusion-builder-row-1 nonhundred-percent-fullwidth non-hundred-percent-height-scrolling\" style=\"--awb-border-radius-top-left:0px;--awb-border-radius-top-right:0px;--awb-border-radius-bottom-right:0px;--awb-border-radius-bottom-left:0px;--awb-flex-wrap:wrap;\" ><div class=\"fusion-builder-row fusion-row\"><div class=\"fusion-layout-column fusion_builder_column fusion-builder-column-0 fusion_builder_column_2_3 2_3 fusion-two-third fusion-column-first\" style=\"--awb-bg-size:cover;width:66.666666666667%;width:calc(66.666666666667% - ( ( 4% ) * 0.66666666666667 ) );margin-right: 4%;\"><div class=\"fusion-column-wrapper fusion-flex-column-wrapper-legacy\"><div class=\"fusion-title title fusion-title-1 fusion-title-text fusion-title-size-one\" style=\"--awb-margin-top-small:0px;--awb-margin-right-small:0px;--awb-margin-bottom-small:20px;--awb-margin-left-small:0px;\"><h1 class=\"fusion-title-heading title-heading-left\" style=\"margin:0;\">Conectar a los padres con el aula<\/h1><span class=\"awb-title-spacer\"><\/span><div class=\"title-sep-container\"><div class=\"title-sep sep-single sep-solid\" style=\"border-color:#e0dede;\"><\/div><\/div><\/div><div class=\"fusion-video fusion-vimeo fusion-aligncenter\" style=\"--awb-max-width:1600px;--awb-max-height:900px;--awb-width:100%;\" data-autoplay=\"1\"><div class=\"video-shortcode\"><div class=\"fluid-width-video-wrapper\" style=\"padding-top:56.25%;\" ><iframe title=\"Vimeo video player 1\" src=\"https:\/\/player.vimeo.com\/video\/359339272?autoplay=1&amp;autopause=0\" width=\"1600\" height=\"900\" allowfullscreen allow=\"autoplay; fullscreen\"><\/iframe><\/div><\/div><\/div><div class=\"fusion-text fusion-text-1\"><p>El objetivo de Connected Class Learning Link es apoyar el aprendizaje mejorando la comunicaci\u00f3n entre el aula y el entorno familiar mediante juegos, estrategias y actividades emocionantes.<\/p>\n<p>Los v\u00eddeos de Learning Link son \u00fanicos porque se dirigen tanto al profesor como a los padres. Cada v\u00eddeo se centra en un concepto. Ese concepto se modela como un juego, una estrategia o una actividad. Cada v\u00eddeo incluye formas de modificar la experiencia de aprendizaje tanto para los alumnos con dificultades como para los que necesitan un reto.<\/p>\n<p>Se anima al educador a poner en pr\u00e1ctica las atractivas experiencias en el aula y, a continuaci\u00f3n, reenviar el v\u00eddeo por correo electr\u00f3nico a los padres. Las familias pueden ver lo que ocurre en el aula y tienen una forma divertida de practicar en casa el material reci\u00e9n aprendido.<\/p>\n<\/div><div class=\"fusion-sep-clear\"><\/div><div class=\"fusion-separator fusion-full-width-sep\" style=\"margin-left: auto;margin-right: auto;margin-top:10px;margin-bottom:10px;width:100%;\"><\/div><div class=\"fusion-sep-clear\"><\/div><div class=\"fusion-text fusion-text-2\"><h2><a href=\"https:\/\/connectedclass.com\/wp-content\/uploads\/Having-Problems-Receiving-Emails-for-website.pdf\" target=\"_blank\" rel=\"noopener\">\u00bfNo has recibido un correo electr\u00f3nico de Learning Link de tu profesor?  <\/a><\/h2>\n<\/div><div class=\"fusion-sep-clear\"><\/div><div class=\"fusion-separator fusion-full-width-sep\" style=\"margin-left: auto;margin-right: auto;margin-top:15px;margin-bottom:15px;width:100%;\"><\/div><div class=\"fusion-sep-clear\"><\/div><div class=\"fusion-testimonials classic awb-speech-bubble-show fusion-testimonials-1\" style=\"--awb-textcolor:#747474;--awb-backgroundcolor:#e8e8e8;--awb-testimonial-border-style:solid;--awb-testimonial-border-color:var(--awb-color3);--awb-border-top-left-radius:0px;--awb-border-top-right-radius:0px;--awb-border-bottom-left-radius:0px;--awb-border-bottom-right-radius:0px;--testimonial-border-width-top:0px;--testimonial-border-width-right:0px;--testimonial-border-width-bottom:0px;--testimonial-border-width-left:0px;\" data-random=\"0\" data-speed=\"4000\"><div class=\"reviews\"><div class=\"review active-testimonial no-avatar\"><blockquote><div class=\"awb-quote\"><div class=\"awb-quote-content\">\n<p><span style=\"font-weight: 400;\">&#8220;Estos recursos ayudan a tender puentes entre el hogar y la escuela, e invitan a los padres a<\/span><span style=\"font-weight: 400;\">a <\/span> <span style=\"font-weight: 400;\">la educaci\u00f3n de sus hijos de forma f\u00e1cil y divertida. Recomendar\u00eda a Christel Reaves y Connected Class a cualquier profesor y administrador que quisiera ver un aumento en la participaci\u00f3n de las familias y el crecimiento de los estudiantes.&#8221;<\/span><\/p>\n<\/div><\/div><span class=\"awb-triangle\"><\/span><\/blockquote><div class=\"author\"><span class=\"company-name\"><strong>Carolina Assuncao, profesora de 4\u00ba curso<\/strong><span>, <\/span><span>Escuela Cristiana de Lake Worth, Lake Worth, FL<\/span><\/span><\/div><\/div><\/div><\/div><div class=\"fusion-clearfix\"><\/div><\/div><\/div><div class=\"fusion-layout-column fusion_builder_column fusion-builder-column-1 fusion_builder_column_1_3 1_3 fusion-one-third fusion-column-last\" style=\"--awb-bg-size:cover;width:33.333333333333%;width:calc(33.333333333333% - ( ( 4% ) * 0.33333333333333 ) );\"><div class=\"fusion-column-wrapper fusion-column-has-shadow fusion-flex-column-wrapper-legacy\"><div class=\"get-started-wrap2\">\n\n\t<div class=\"top-title\">GET STARTED<\/div>\n\t<div class=\"form-wrap\"><script type=\"text\/javascript\">\n\/* <![CDATA[ *\/\n\n\/\/----------------------------------------------------------\n\/\/------ JAVASCRIPT HOOK FUNCTIONS FOR GRAVITY FORMS -------\n\/\/----------------------------------------------------------\n\nif ( ! gform ) {\n\tdocument.addEventListener( 'gform_main_scripts_loaded', function() { gform.scriptsLoaded = true; } );\n\tdocument.addEventListener( 'gform\/theme\/scripts_loaded', function() { gform.themeScriptsLoaded = true; } );\n\twindow.addEventListener( 'DOMContentLoaded', function() { gform.domLoaded = true; } );\n\n\tvar gform = {\n\t\tdomLoaded: false,\n\t\tscriptsLoaded: false,\n\t\tthemeScriptsLoaded: false,\n\t\tisFormEditor: () => typeof InitializeEditor === 'function',\n\n\t\t\/**\n\t\t * @deprecated 2.9 the use of initializeOnLoaded in the form editor context is deprecated.\n\t\t * @remove-in 4.0 this function will not check for gform.isFormEditor().\n\t\t *\/\n\t\tcallIfLoaded: function ( fn ) {\n\t\t\tif ( gform.domLoaded && gform.scriptsLoaded && ( gform.themeScriptsLoaded || gform.isFormEditor() ) ) {\n\t\t\t\tif ( gform.isFormEditor() ) {\n\t\t\t\t\tconsole.warn( 'The use of gform.initializeOnLoaded() is deprecated in the form editor context and will be removed in Gravity Forms 3.1.' );\n\t\t\t\t}\n\t\t\t\tfn();\n\t\t\t\treturn true;\n\t\t\t}\n\t\t\treturn false;\n\t\t},\n\n\t\t\/**\n\t\t * Call a function when all scripts are loaded\n\t\t *\n\t\t * @param function fn the callback function to call when all scripts are loaded\n\t\t *\n\t\t * @returns void\n\t\t *\/\n\t\tinitializeOnLoaded: function( fn ) {\n\t\t\tif ( ! gform.callIfLoaded( fn ) ) {\n\t\t\t\tdocument.addEventListener( 'gform_main_scripts_loaded', () => { gform.scriptsLoaded = true; gform.callIfLoaded( fn ); } );\n\t\t\t\tdocument.addEventListener( 'gform\/theme\/scripts_loaded', () => { gform.themeScriptsLoaded = true; gform.callIfLoaded( fn ); } );\n\t\t\t\twindow.addEventListener( 'DOMContentLoaded', () => { gform.domLoaded = true; gform.callIfLoaded( fn ); } );\n\t\t\t}\n\t\t},\n\n\t\thooks: { action: {}, filter: {} },\n\t\taddAction: function( action, callable, priority, tag ) {\n\t\t\tgform.addHook( 'action', action, callable, priority, tag );\n\t\t},\n\t\taddFilter: function( action, callable, priority, tag ) {\n\t\t\tgform.addHook( 'filter', action, callable, priority, tag );\n\t\t},\n\t\tdoAction: function( action ) {\n\t\t\tgform.doHook( 'action', action, arguments );\n\t\t},\n\t\tapplyFilters: function( action ) {\n\t\t\treturn gform.doHook( 'filter', action, arguments );\n\t\t},\n\t\tremoveAction: function( action, tag ) {\n\t\t\tgform.removeHook( 'action', action, tag );\n\t\t},\n\t\tremoveFilter: function( action, priority, tag ) {\n\t\t\tgform.removeHook( 'filter', action, priority, tag );\n\t\t},\n\t\taddHook: function( hookType, action, callable, priority, tag ) {\n\t\t\tif ( undefined == gform.hooks[hookType][action] ) {\n\t\t\t\tgform.hooks[hookType][action] = [];\n\t\t\t}\n\t\t\tvar hooks = gform.hooks[hookType][action];\n\t\t\tif ( undefined == tag ) {\n\t\t\t\ttag = action + '_' + hooks.length;\n\t\t\t}\n\t\t\tif( priority == undefined ){\n\t\t\t\tpriority = 10;\n\t\t\t}\n\n\t\t\tgform.hooks[hookType][action].push( { tag:tag, callable:callable, priority:priority } );\n\t\t},\n\t\tdoHook: function( hookType, action, args ) {\n\n\t\t\t\/\/ splice args from object into array and remove first index which is the hook name\n\t\t\targs = Array.prototype.slice.call(args, 1);\n\n\t\t\tif ( undefined != gform.hooks[hookType][action] ) {\n\t\t\t\tvar hooks = gform.hooks[hookType][action], hook;\n\t\t\t\t\/\/sort by priority\n\t\t\t\thooks.sort(function(a,b){return a[\"priority\"]-b[\"priority\"]});\n\n\t\t\t\thooks.forEach( function( hookItem ) {\n\t\t\t\t\thook = hookItem.callable;\n\n\t\t\t\t\tif(typeof hook != 'function')\n\t\t\t\t\t\thook = window[hook];\n\t\t\t\t\tif ( 'action' == hookType ) {\n\t\t\t\t\t\thook.apply(null, args);\n\t\t\t\t\t} else {\n\t\t\t\t\t\targs[0] = hook.apply(null, args);\n\t\t\t\t\t}\n\t\t\t\t} );\n\t\t\t}\n\t\t\tif ( 'filter'==hookType ) {\n\t\t\t\treturn args[0];\n\t\t\t}\n\t\t},\n\t\tremoveHook: function( hookType, action, priority, tag ) {\n\t\t\tif ( undefined != gform.hooks[hookType][action] ) {\n\t\t\t\tvar hooks = gform.hooks[hookType][action];\n\t\t\t\thooks = hooks.filter( function(hook, index, arr) {\n\t\t\t\t\tvar removeHook = (undefined==tag||tag==hook.tag) && (undefined==priority||priority==hook.priority);\n\t\t\t\t\treturn !removeHook;\n\t\t\t\t} );\n\t\t\t\tgform.hooks[hookType][action] = hooks;\n\t\t\t}\n\t\t}\n\t};\n}\n\n\/* ]]> *\/\n<\/script>\n\n                <div class='gf_browser_gecko gform_wrapper gform_legacy_markup_wrapper gform-theme--no-framework' data-form-theme='legacy' data-form-index='0' id='gform_wrapper_1' ><form method='post' enctype='multipart\/form-data'  id='gform_1'  action='\/es\/wp-json\/wp\/v2\/pages\/39976' data-formid='1' novalidate><div class='gf_invisible ginput_recaptchav3' data-sitekey='6LfpUaUqAAAAAJZDY81P0J5_FFaEuWvrylLX0DbZ' data-tabindex='0'><input id=\"input_9e4ac593f2b5cde8e633ad1c4ff5c880\" class=\"gfield_recaptcha_response\" type=\"hidden\" name=\"input_9e4ac593f2b5cde8e633ad1c4ff5c880\" value=\"\"\/><\/div> \r\n <input type='hidden' class='gforms-pum' value='{\"closepopup\":false,\"closedelay\":0,\"openpopup\":false,\"openpopup_id\":0}' \/>\n                        <div class='gform-body gform_body'><ul id='gform_fields_1' class='gform_fields top_label form_sublabel_below description_below validation_below'><li id=\"field_1_7\" class=\"gfield gfield--type-honeypot gform_validation_container field_sublabel_below gfield--has-description field_description_below field_validation_below gfield_visibility_visible\"  ><label class='gfield_label gform-field-label' for='input_1_7'>Instagram<\/label><div class='ginput_container'><input name='input_7' id='input_1_7' type='text' value='' autocomplete='new-password'\/><\/div><div class='gfield_description' id='gfield_description_1_7'>Este campo es un campo de validaci\u00f3n y debe quedar sin cambios.<\/div><\/li><li id=\"field_1_1\" class=\"gfield gfield--type-text gfield_contains_required field_sublabel_below gfield--no-description field_description_below field_validation_below gfield_visibility_visible\"  ><label class='gfield_label gform-field-label' for='input_1_1'>Name<span class=\"gfield_required\"><span class=\"gfield_required gfield_required_asterisk\">*<\/span><\/span><\/label><div class='ginput_container ginput_container_text'><input name='input_1' id='input_1_1' type='text' value='' class='large'     aria-required=\"true\" aria-invalid=\"false\"   \/><\/div><\/li><li id=\"field_1_2\" class=\"gfield gfield--type-email gfield_contains_required field_sublabel_below gfield--no-description field_description_below field_validation_below gfield_visibility_visible\"  ><label class='gfield_label gform-field-label' for='input_1_2'>Email<span class=\"gfield_required\"><span class=\"gfield_required gfield_required_asterisk\">*<\/span><\/span><\/label><div class='ginput_container ginput_container_email'>\n                            <input name='input_2' id='input_1_2' type='email' value='' class='large'    aria-required=\"true\" aria-invalid=\"false\"  \/>\n                        <\/div><\/li><li id=\"field_1_3\" class=\"gfield gfield--type-phone field_sublabel_below gfield--no-description field_description_below field_validation_below gfield_visibility_hidden\"  ><div class=\"admin-hidden-markup\"><i class=\"gform-icon gform-icon--hidden\" aria-hidden=\"true\" title=\"Este campo est\u00e1 oculto cuando se visualiza el formulario\"><\/i><span>Este campo est\u00e1 oculto cuando se visualiza el formulario<\/span><\/div><label class='gfield_label gform-field-label' for='input_1_3'>Phone<\/label><div class='ginput_container ginput_container_phone'><input name='input_3' id='input_1_3' type='tel' value='' class='large'    aria-invalid=\"false\"   \/><\/div><\/li><li id=\"field_1_4\" class=\"gfield gfield--type-radio gfield--type-choice gf_list_3col field_sublabel_below gfield--no-description field_description_below field_validation_below gfield_visibility_visible\"  ><label class='gfield_label gform-field-label' >I am a...<\/label><div class='ginput_container ginput_container_radio'><ul class='gfield_radio' id='input_1_4'>\n\t\t\t<li class='gchoice gchoice_1_4_0'>\n\t\t\t\t<input name='input_4' type='radio' value='Administrator'  id='choice_1_4_0'    \/>\n\t\t\t\t<label for='choice_1_4_0' id='label_1_4_0' class='gform-field-label gform-field-label--type-inline'>Administrator<\/label>\n\t\t\t<\/li>\n\t\t\t<li class='gchoice gchoice_1_4_1'>\n\t\t\t\t<input name='input_4' type='radio' value='Teacher'  id='choice_1_4_1'    \/>\n\t\t\t\t<label for='choice_1_4_1' id='label_1_4_1' class='gform-field-label gform-field-label--type-inline'>Teacher<\/label>\n\t\t\t<\/li>\n\t\t\t<li class='gchoice gchoice_1_4_2'>\n\t\t\t\t<input name='input_4' type='radio' value='Parent'  id='choice_1_4_2'    \/>\n\t\t\t\t<label for='choice_1_4_2' id='label_1_4_2' class='gform-field-label gform-field-label--type-inline'>Parent<\/label>\n\t\t\t<\/li><\/ul><\/div><\/li><li id=\"field_1_5\" class=\"gfield gfield--type-textarea gfield_contains_required field_sublabel_below gfield--no-description field_description_below field_validation_below gfield_visibility_visible\"  ><label class='gfield_label gform-field-label' for='input_1_5'>Message<span class=\"gfield_required\"><span class=\"gfield_required gfield_required_asterisk\">*<\/span><\/span><\/label><div class='ginput_container ginput_container_textarea'><textarea name='input_5' id='input_1_5' class='textarea large'    placeholder='Please tell us how we can assist you in achieving your educational goals' aria-required=\"true\" aria-invalid=\"false\"   rows='10' cols='50'><\/textarea><\/div><\/li><li id=\"field_1_6\" class=\"gfield gfield--type-captcha gfield--width-full field_sublabel_below gfield--no-description field_description_below field_validation_below gfield_visibility_visible\"  ><label class='gfield_label gform-field-label' for='input_1_6'>CAPTCHA<\/label><div id='input_1_6' class='ginput_container ginput_recaptcha' data-sitekey='6LfIdR0lAAAAAJ13Mlro5fCCRfjurKNN8LX-r08O'  data-theme='light' data-tabindex='0'  data-badge=''><\/div><\/li><\/ul><\/div>\n        <div class='gform-footer gform_footer top_label'> <input type='submit' id='gform_submit_button_1' class='gform_button button' onclick='gform.submission.handleButtonClick(this);' data-submission-type='submit' value='SEND NOW'  \/> \n            <input type='hidden' class='gform_hidden' name='gform_submission_method' data-js='gform_submission_method_1' value='postback' \/>\n            <input type='hidden' class='gform_hidden' name='gform_theme' data-js='gform_theme_1' id='gform_theme_1' value='legacy' \/>\n            <input type='hidden' class='gform_hidden' name='gform_style_settings' data-js='gform_style_settings_1' id='gform_style_settings_1' value='[]' \/>\n            <input type='hidden' class='gform_hidden' name='is_submit_1' value='1' \/>\n            <input type='hidden' class='gform_hidden' name='gform_submit' value='1' \/>\n            \n            <input type='hidden' class='gform_hidden' name='gform_currency' data-currency='USD' value='b810\/cyvsEl\/BhTLt2bffSBabkIJJ4IQ9S4wxTXfq\/6kGQE7w6YM4MaW3FcZfywHTrTgzdfH2qjqrxQrMdmed1YWw4hQH5YSCsqc9eMcZuyP3do=' \/>\n            <input type='hidden' class='gform_hidden' name='gform_unique_id' value='' \/>\n            <input type='hidden' class='gform_hidden' name='state_1' value='WyJbXSIsImMxZDEyMjY4N2YzZTU4MzQwZDUxMDdiMTM4NTcyNjM3Il0=' \/>\n            <input type='hidden' autocomplete='off' class='gform_hidden' name='gform_target_page_number_1' id='gform_target_page_number_1' value='0' \/>\n            <input type='hidden' autocomplete='off' class='gform_hidden' name='gform_source_page_number_1' id='gform_source_page_number_1' value='1' \/>\n            <input type='hidden' name='gform_field_values' value='' \/>\n            \n        <\/div>\n                        <p style=\"display: none !important;\" class=\"akismet-fields-container\" data-prefix=\"ak_\"><label>&#916;<textarea name=\"ak_hp_textarea\" cols=\"45\" rows=\"8\" maxlength=\"100\"><\/textarea><\/label><input type=\"hidden\" id=\"ak_js_1\" name=\"ak_js\" value=\"212\"\/><script>document.getElementById( \"ak_js_1\" ).setAttribute( \"value\", ( new Date() ).getTime() );<\/script><\/p><\/form>\n                        <\/div><script type=\"text\/javascript\">\n\/* <![CDATA[ *\/\n gform.initializeOnLoaded( function() {gformInitSpinner( 1, 'https:\/\/connectedclass.com\/wp-content\/plugins\/gravityforms\/images\/spinner.svg', true );jQuery('#gform_ajax_frame_1').on('load',function(){var contents = jQuery(this).contents().find('*').html();var is_postback = contents.indexOf('GF_AJAX_POSTBACK') >= 0;if(!is_postback){return;}var form_content = jQuery(this).contents().find('#gform_wrapper_1');var is_confirmation = jQuery(this).contents().find('#gform_confirmation_wrapper_1').length > 0;var is_redirect = contents.indexOf('gformRedirect(){') >= 0;var is_form = form_content.length > 0 && ! is_redirect && ! is_confirmation;var mt = parseInt(jQuery('html').css('margin-top'), 10) + parseInt(jQuery('body').css('margin-top'), 10) + 100;if(is_form){jQuery('#gform_wrapper_1').html(form_content.html());if(form_content.hasClass('gform_validation_error')){jQuery('#gform_wrapper_1').addClass('gform_validation_error');} else {jQuery('#gform_wrapper_1').removeClass('gform_validation_error');}setTimeout( function() { \/* delay the scroll by 50 milliseconds to fix a bug in chrome *\/  }, 50 );if(window['gformInitDatepicker']) {gformInitDatepicker();}if(window['gformInitPriceFields']) {gformInitPriceFields();}var current_page = jQuery('#gform_source_page_number_1').val();gformInitSpinner( 1, 'https:\/\/connectedclass.com\/wp-content\/plugins\/gravityforms\/images\/spinner.svg', true );jQuery(document).trigger('gform_page_loaded', [1, current_page]);window['gf_submitting_1'] = false;}else if(!is_redirect){var confirmation_content = jQuery(this).contents().find('.GF_AJAX_POSTBACK').html();if(!confirmation_content){confirmation_content = contents;}jQuery('#gform_wrapper_1').replaceWith(confirmation_content);jQuery(document).trigger('gform_confirmation_loaded', [1]);window['gf_submitting_1'] = false;wp.a11y.speak(jQuery('#gform_confirmation_message_1').text());}else{jQuery('#gform_1').append(contents);if(window['gformRedirect']) {gformRedirect();}}jQuery(document).trigger(\"gform_pre_post_render\", [{ formId: \"1\", currentPage: \"current_page\", abort: function() { this.preventDefault(); } }]);        if (event && event.defaultPrevented) {                return;        }        const gformWrapperDiv = document.getElementById( \"gform_wrapper_1\" );        if ( gformWrapperDiv ) {            const visibilitySpan = document.createElement( \"span\" );            visibilitySpan.id = \"gform_visibility_test_1\";            gformWrapperDiv.insertAdjacentElement( \"afterend\", visibilitySpan );        }        const visibilityTestDiv = document.getElementById( \"gform_visibility_test_1\" );        let postRenderFired = false;        function triggerPostRender() {            if ( postRenderFired ) {                return;            }            postRenderFired = true;            gform.core.triggerPostRenderEvents( 1, current_page );            if ( visibilityTestDiv ) {                visibilityTestDiv.parentNode.removeChild( visibilityTestDiv );            }        }        function debounce( func, wait, immediate ) {            var timeout;            return function() {                var context = this, args = arguments;                var later = function() {                    timeout = null;                    if ( !immediate ) func.apply( context, args );                };                var callNow = immediate && !timeout;                clearTimeout( timeout );                timeout = setTimeout( later, wait );                if ( callNow ) func.apply( context, args );            };        }        const debouncedTriggerPostRender = debounce( function() {            triggerPostRender();        }, 200 );        if ( visibilityTestDiv && visibilityTestDiv.offsetParent === null ) {            const observer = new MutationObserver( ( mutations ) => {                mutations.forEach( ( mutation ) => {                    if ( mutation.type === 'attributes' && visibilityTestDiv.offsetParent !== null ) {                        debouncedTriggerPostRender();                        observer.disconnect();                    }                });            });            observer.observe( document.body, {                attributes: true,                childList: false,                subtree: true,                attributeFilter: [ 'style', 'class' ],            });        } else {            triggerPostRender();        }    } );} ); \n\/* ]]> *\/\n<\/script>\n<\/div>\n\t<a href=\"#\"><div class=\"continue-btn\">CONTINUE<\/div><\/a>\n<\/div>\n<div class=\"fusion-clearfix\"><\/div><\/div><\/div>\n<\/div><\/div>\n","protected":false},"excerpt":{"rendered":"","protected":false},"author":2,"featured_media":0,"parent":0,"menu_order":0,"comment_status":"closed","ping_status":"closed","template":"","meta":{"_seopress_robots_primary_cat":"","_seopress_titles_title":"","_seopress_titles_desc":"","_seopress_robots_index":"","_price":"","_stock":"","_tribe_ticket_header":"","_tribe_default_ticket_provider":"","_tribe_ticket_capacity":"0","_ticket_start_date":"","_ticket_end_date":"","_tribe_ticket_show_description":"","_tribe_ticket_show_not_going":false,"_tribe_ticket_use_global_stock":"","_tribe_ticket_global_stock_level":"","_global_stock_mode":"","_global_stock_cap":"","_tribe_rsvp_for_event":"","_tribe_ticket_going_count":"","_tribe_ticket_not_going_count":"","_tribe_tickets_list":"[]","_tribe_ticket_has_attendee_info_fields":false,"_themeisle_gutenberg_block_has_review":false,"footnotes":"","_tec_slr_enabled":"","_tec_slr_layout":""},"class_list":["post-39976","page","type-page","status-publish","hentry"],"jetpack_sharing_enabled":true,"ticketed":false,"_links":{"self":[{"href":"https:\/\/connectedclass.com\/es\/wp-json\/wp\/v2\/pages\/39976","targetHints":{"allow":["GET"]}}],"collection":[{"href":"https:\/\/connectedclass.com\/es\/wp-json\/wp\/v2\/pages"}],"about":[{"href":"https:\/\/connectedclass.com\/es\/wp-json\/wp\/v2\/types\/page"}],"author":[{"embeddable":true,"href":"https:\/\/connectedclass.com\/es\/wp-json\/wp\/v2\/users\/2"}],"replies":[{"embeddable":true,"href":"https:\/\/connectedclass.com\/es\/wp-json\/wp\/v2\/comments?post=39976"}],"version-history":[{"count":0,"href":"https:\/\/connectedclass.com\/es\/wp-json\/wp\/v2\/pages\/39976\/revisions"}],"wp:attachment":[{"href":"https:\/\/connectedclass.com\/es\/wp-json\/wp\/v2\/media?parent=39976"}],"curies":[{"name":"wp","href":"https:\/\/api.w.org\/{rel}","templated":true}]}}